{"id":11,"date":"2019-02-25T12:41:14","date_gmt":"2019-02-25T12:41:14","guid":{"rendered":"https:\/\/sisli.edu.tr\/icsie\/?page_id=11"},"modified":"2025-06-20T13:55:59","modified_gmt":"2025-06-20T13:55:59","slug":"science-committee","status":"publish","type":"page","link":"https:\/\/sisli.edu.tr\/icsie\/science-committee\/","title":{"rendered":"Science Committee"},"content":{"rendered":"\r\n<p><strong>Full Professors\u00a0<\/strong><\/p>\r\n<p>Professor Dr. Adnan Vraynko &#8211;<\/p>\r\n<p>Professor Dr. Agim Rush\u0131t\u0131 \u2013<\/p>\r\n<p>Professor Dr. Alla Paptsova \u2013<\/p>\r\n<p>Professor Dr. Anarkan Matker\u0131mova &#8211;<\/p>\r\n<p>Professor Dr. Aneta Baranowska \u2013 University of Warsaw, Poland<\/p>\r\n<p>Professor Dr. Arafat H\u00fcseyin &#8211;<\/p>\r\n<p>Professor\u00a0 Dr. Apar Pataer &#8211; The University of Texas MD Anderson Cancer<\/p>\r\n<p>Professor Dr. Aybeyan Selim &#8211;<\/p>\r\n<p>Professor Dr. Aynur Ayd\u0131n \u2013 Faculty of Forestry, Istanbul University-Cerrahpa\u015fa, T\u00fcrkiye<\/p>\r\n<p>Professor Dr. Bar\u0131\u015f Y\u0131lmaz &#8211;<\/p>\r\n<p>Professor Dr. Birsen G\u00fczel \u2013 Atat\u00fcrk Faculty of Education, Marmara University, T\u00fcrkiye<\/p>\r\n<p>Professor Dr. Bolat M\u0131rzal\u0131yev &#8211;<\/p>\r\n<p>Professor Dr. B\u00fclent Dervi\u015f &#8211;<\/p>\r\n<p>Professor Dr. Cvetanka Velkovska &#8211;<\/p>\r\n<p>Professor Dr. Ergin Jable &#8211;<\/p>\r\n<p>Professor Dr. Fad\u0131l \u00d6zyener \u2013 Medical School, Bursa Uluda\u011f University, T\u00fcrkiye<\/p>\r\n<p>Professor Dr. Fadil Hoca \u2013<\/p>\r\n<p>Professor Dr. Georgiy Sult &#8211;<\/p>\r\n<p>Professor Dr. G\u00fcler Ertan (Emeritus) \u2013 Faculty of Fine Arts, Istanbul Arel University, T\u00fcrkiye<\/p>\r\n<p>Professor Dr. G\u00fcrkan Sert \u2013 Faculty of Medicine, Marmara University, T\u00fcrkiye<\/p>\r\n<p>Professor Dr. Himmet Karadal \u2013 Faculty of Communication, Bolu Abant Izzet Baysal University, T\u00fcrkiye<\/p>\r\n<p>Professor Dr. Hrustem Sma\u0131lhod\u017e\u0131\u0107 &#8211;<\/p>\r\n<p>Professor Dr. Ivan Dimitrov \u2013 Sofia University, Bulgaria<\/p>\r\n<p>Professor Dr. Jana Il\u0131eva &#8211;<\/p>\r\n<p>Professor Dr. John Reynolds \u2013 University of Edinburgh, United Kingdom<\/p>\r\n<p>Professor Dr. Kalina Sot\u0131roska &#8211;<\/p>\r\n<p>Professor Dr. Ljupco Keveresk\u0131 &#8211;<\/p>\r\n<p>Professor Dr. Mahmut \u00c7elik &#8211;<\/p>\r\n<p>Professor Dr. Mehmet Karabela \u2013 University of Western Ontario, Canada<\/p>\r\n<p>Professor Dr. Mehmet \u00dcnver \u2013 Faculty of Science, Ankara University, T\u00fcrkiye<\/p>\r\n<p>Professor Dr. Mensur Nuredin \u2013<\/p>\r\n<p>Professor Dr. Mili\u0161a Todorov\u0131\u0107 &#8211;<\/p>\r\n<p>Professor Dr. Musa Musa\u0131 &#8211;<\/p>\r\n<p>Professor Dr. Muzafer Sara\u00e7ev\u0131\u0107 &#8211;<\/p>\r\n<p>Professor Dr. M\u00fcyedin Kahveci &#8211;<\/p>\r\n<p>Professor Dr. Nalan Kazaz &#8211;<\/p>\r\n<p>Professor Dr. Nuri \u00c7elik \u2013 Faculty of Basic Sciences, Gebze Technical University, T\u00fcrkiye<\/p>\r\n<p>Professor Dr. Roza Nesepova &#8211;<\/p>\r\n<p>Professor Dr. Svetlana Baymold\u0131na &#8211;<\/p>\r\n<p>Professor Dr. Yasemin Ayd\u0131n Kartal \u2013 Hamidiye Faculty of Health Sciences, University of Health Sciences, T\u00fcrkiye<\/p>\r\n<p>Professor Dr. Yordan Delev &#8211;<\/p>\r\n<p>Professor Dr. Yusuf Tuna \u2013 International Islamic University, Malaysia<\/p>\r\n<p>Professor Dr. Zeynep Dina \u00c7akmur Y\u0131ld\u0131rtan \u2013 Faculty of Financial Sciences, Marmara University, T\u00fcrkiye<\/p>\r\n<p>Professor Dr. Zoran F\u0131l\u0131povsk\u0131 &#8211;<\/p>\r\n<p><strong>Associate Professors<\/strong><\/p>\r\n<p>Associate Professor Dr. Anna Krasnova \u2013 Lomonosov Moscow State University, Russia<\/p>\r\n<p>Associate Professor Dr. Asuman Kutlu \u2013 Faculty of Communication, Istanbul Beykent University, T\u00fcrkiye<\/p>\r\n<p>Associate Professor Dr. \u00c7i\u00e7ek Ediz \u2013 Faculty of Health Sciences, Department of Nursing, \u00c7ukurova University, T\u00fcrkiye<\/p>\r\n<p>Associate Professor Dr. Elif Y\u0131lmaz \u0130lter \u2013 Faculty of Education, Karamano\u011flu Mehmetbey University, T\u00fcrkiye<\/p>\r\n<p>Associate Professor Dr. \u0130nci Polat Sesliokuyucu \u2013 School of Civil Aviation, Isparta S\u00fcleyman Demirel University, T\u00fcrkiye<\/p>\r\n<p>Associate Professor Dr. Nihat Altuntepe \u2013 Faculty of Economics, Isparta S\u00fcleyman Demirel University, T\u00fcrkiye<\/p>\r\n<p>Associate Professor Dr. Shabanov Djumali Kazimovich \u2013 Center for Turkology Studies, Tashkent State University of Oriental Studies, Uzbekistan<\/p>\r\n<p>Associate Professor Dr. Yavuz \u00d6zhan T\u00fcrker \u2013 \u015ei\u015fli Vocational School, T\u00fcrkiye<\/p>\r\n<p><strong>Doctors \/ Lecturers<\/strong><\/p>\r\n<p>Lecturer Dr. Abdulrahman Al-Shehri \u2013 King Saud University, Saudi Arabia<\/p>\r\n<p>Lecturer Dr. Aisha Khan \u2013 Lahore University of Management Sciences, Pakistan<\/p>\r\n<p>Lecturer Dr. Arif Emre Erden \u2013 \u015ei\u015fli Vocational School, T\u00fcrkiye<\/p>\r\n<p>Lecturer Dr. Demet Bi\u00e7ki \u2013 Faculty of Health Sciences, Istanbul Ayd\u0131n University, T\u00fcrkiye<\/p>\r\n<p>Lecturer Dr. Esra Karabo\u011fa \u2013 University of Vienna, Austria<\/p>\r\n<p>Lecturer Dr. Evren G\u00fcm\u00fc\u015f \u2013 \u015ei\u015fli Vocational School, T\u00fcrkiye<\/p>\r\n<p>Lecturer Dr. Fatma Dik\u00e7al \u2013 \u015ei\u015fli Vocational School, T\u00fcrkiye<\/p>\r\n<p>Lecturer Dr. F\u00fcsun Kurt G\u00f6k\u00e7eli \u2013 Yunus Emre Vocational School of Health Services, Anadolu University, T\u00fcrkiye<\/p>\r\n<p>Lecturer Dr. Gizem K\u00f6pr\u00fcl\u00fcl\u00fc \u2013 \u015ei\u015fli Vocational School, T\u00fcrkiye<\/p>\r\n<p>Lecturer Dr. Hassan Abdallah \u2013 University of Cairo, Egypt<\/p>\r\n<p>Lecturer Dr. Majed Binzouba \u2013 King Saud University, Saudi Arabia<\/p>\r\n<p>Lecturer Dr. Maria Fernanda S\u00e1nchez \u2013 Universidad Nacional Aut\u00f3noma de M\u00e9xico, Mexico<\/p>\r\n<p>Lecturer Dr. Meltem Do\u011fan \u2013 \u015ei\u015fli Vocational School, T\u00fcrkiye<\/p>\r\n<p>Lecturer Dr. Merve \u00d6zer Akkaya \u2013 Yunus Emre Vocational School of Health Services, Anadolu University, T\u00fcrkiye<\/p>\r\n<p>Lecturer Dr. Merve \u00d6zhan \u2013 \u015ei\u015fli Vocational School, T\u00fcrkiye\u00a0<\/p>\r\n<p>Lecturer Dr. \u00d6znur Ay\u0131k \u2013 \u015ei\u015fli Vocational School, T\u00fcrkiye<\/p>\r\n<p>Lecturer Dr. Sevda P\u0131nar Mehel Tutuk \u2013 \u015ei\u015fli Vocational School, T\u00fcrkiye<\/p>\r\n<p>Lecturer Dr. Yeliz G\u00f6ren \u2013 \u015ei\u015fli Vocational School, T\u00fcrkiye<\/p>\r\n<p>&nbsp;<\/p>\r\n<p>&nbsp;<\/p>","protected":false},"excerpt":{"rendered":"<p>Full Professors\u00a0 Professor Dr. Adnan Vraynko &#8211; Professor Dr. Agim Rush\u0131t\u0131 \u2013 Professor Dr. Alla Paptsova \u2013 Professor Dr. Anarkan Matker\u0131mova &#8211; Professor Dr. Aneta Baranowska \u2013 University of Warsaw, Poland Professor Dr. Arafat H\u00fcseyin &#8211; Professor\u00a0 Dr. Apar Pataer &#8211; The University of Texas MD Anderson Cancer Professor Dr. Aybeyan Selim &#8211; Professor Dr. [&hellip;]<\/p>\n","protected":false},"author":1,"featured_media":0,"parent":0,"menu_order":0,"comment_status":"closed","ping_status":"closed","template":"","meta":{"footnotes":""},"class_list":["post-11","page","type-page","status-publish","hentry"],"_links":{"self":[{"href":"https:\/\/sisli.edu.tr\/icsie\/wp-json\/wp\/v2\/pages\/11","targetHints":{"allow":["GET"]}}],"collection":[{"href":"https:\/\/sisli.edu.tr\/icsie\/wp-json\/wp\/v2\/pages"}],"about":[{"href":"https:\/\/sisli.edu.tr\/icsie\/wp-json\/wp\/v2\/types\/page"}],"author":[{"embeddable":true,"href":"https:\/\/sisli.edu.tr\/icsie\/wp-json\/wp\/v2\/users\/1"}],"replies":[{"embeddable":true,"href":"https:\/\/sisli.edu.tr\/icsie\/wp-json\/wp\/v2\/comments?post=11"}],"version-history":[{"count":59,"href":"https:\/\/sisli.edu.tr\/icsie\/wp-json\/wp\/v2\/pages\/11\/revisions"}],"predecessor-version":[{"id":1010,"href":"https:\/\/sisli.edu.tr\/icsie\/wp-json\/wp\/v2\/pages\/11\/revisions\/1010"}],"wp:attachment":[{"href":"https:\/\/sisli.edu.tr\/icsie\/wp-json\/wp\/v2\/media?parent=11"}],"curies":[{"name":"wp","href":"https:\/\/api.w.org\/{rel}","templated":true}]}}