{"id":13,"date":"2019-02-25T12:41:29","date_gmt":"2019-02-25T12:41:29","guid":{"rendered":"https:\/\/sisli.edu.tr\/icsie\/?page_id=13"},"modified":"2025-07-09T11:01:18","modified_gmt":"2025-07-09T11:01:18","slug":"organizing-committee","status":"publish","type":"page","link":"https:\/\/sisli.edu.tr\/icsie\/organizing-committee\/","title":{"rendered":"Organizing Committee"},"content":{"rendered":"\r\n<p><strong>CHAIRMAN OF THE ORGANIZING COMMITTEE<\/strong><\/p>\r\n<p>Professor Dr. Ahmet Vecdi Can \u2013 International Vision University, North Macedonia<\/p>\r\n<p>Associate Prof. Dr. Selin Sar\u0131l\u0131 \u2013 \u0130stanbul \u015ei\u015fli Vocational School, T\u00fcrkiye<\/p>\r\n<p><strong>\u00a0<\/strong><\/p>\r\n<p><strong>ORGANIZING COMMITTEE<\/strong><\/p>\r\n<p>Professor Dr. Abd\u00fclmecit Nuredin, International Vision University, North Macedonia<\/p>\r\n<p>Professor Dr. Amra Tuzovi\u0107 \u2013 University of Travnik, Bosnia and Hercegovina<\/p>\r\n<p>Professor. Dr. Muzafer Sara\u010devi\u0107\u00a0 \u2013\u00a0 University of Novi Pazar, Serbia<\/p>\r\n<p>Professor. Dr. Teodor ILIEV &#8211; University of Ruse Angel Kanchev, Bulgaria<\/p>\r\n<p>Professor Dr. Zolt\u00e1n Egeresi \u2013 Magyar K\u00fcl\u00fcgyi Int\u00e9zet, Hungary<\/p>\r\n<p>Associate Prof. Dr. Evin Do\u011fan \u2013 \u0130stanbul \u015ei\u015fli Vocational School, T\u00fcrkiye<\/p>\r\n<p>Associate Prof. Dr. G\u00fcl\u00e7in G\u00fcven \u2013 Marmara University, T\u00fcrkiye<\/p>\r\n<p>&nbsp;<\/p>\r\n<p><strong>TECHNICAL ORGANIZATION<\/strong><\/p>\r\n<p>Lecturer Dr. Sibel Kahraman \u2013 \u0130stanbul \u015ei\u015fli Vocational School, T\u00fcrkiye<\/p>\r\n<p>Lecturer Aysun Ergin \u2013 \u0130stanbul \u015ei\u015fli Vocational School, T\u00fcrkiye<\/p>\r\n<p>Lecturer Burak Alkan \u2013 \u0130stanbul \u015ei\u015fli Vocational School, T\u00fcrkiye\u00a0<\/p>\r\n<p>IT Manager Mesut Pek \u2013 \u0130stanbul \u015ei\u015fli Vocational School, T\u00fcrkiye<\/p>\r\n<p>&nbsp;<\/p>\r\n<p><strong>ORGAN\u0130ZASYON KOM\u0130TES\u0130 BA\u015eKANI<\/strong><\/p>\r\n<p>Prof. Dr. Ahmet Vecdi Can \u2013 Uluslararas\u0131 Vizyon \u00dcniversitesi, Kuzey Makedonya<\/p>\r\n<p>Do\u00e7. Dr. Selin Sar\u0131l\u0131 \u2013 \u0130stanbul \u015ei\u015fli Meslek Y\u00fcksekokulu, T\u00fcrkiye<\/p>\r\n<p><strong>\u00a0<\/strong><\/p>\r\n<p><strong>ORGAN\u0130ZASYON KOM\u0130TES\u0130<\/strong><\/p>\r\n<p>Prof. Dr. Abd\u00fclmecit Nuredin \u2013 Uluslararas\u0131 Vizyon \u00dcniversitesi, Kuzey Makedonya<\/p>\r\n<p>Prof. Dr. Amra Tuzovi\u0107 \u2013 Travnik \u00dcniversitesi, Bosna Hersek<\/p>\r\n<p>Prof. Dr. Muzafer Sara\u010devi\u0107\u00a0 \u2013\u00a0 Uluslararas\u0131 Novi Pazar \u00dcniversitesi, S\u0131rbistan<\/p>\r\n<p>Prof. Dr. Teodor ILIEV &#8211;\u00a0 Ruse Angel Kanchev \u00dcniversitesi, Bulgaristan<\/p>\r\n<p>Prof. Dr. Zolt\u00e1n Egeresi \u2013 Macaristan D\u0131\u015fi\u015fleri Enstit\u00fcs\u00fc, Macaristan<\/p>\r\n<p>Do\u00e7. Dr. Evin Do\u011fan \u2013 \u0130stanbul \u015ei\u015fli Meslek Y\u00fcksekokulu, T\u00fcrkiye<\/p>\r\n<p>Do\u00e7. Dr. G\u00fcl\u00e7in G\u00fcven \u2013 Marmara \u00dcniversitesi, T\u00fcrkiye\u00a0<\/p>\r\n<p>&nbsp;<\/p>\r\n<p><strong>TEKN\u0130K ORGAN\u0130ZASYON<\/strong><\/p>\r\n<p>Dr. \u00d6\u011fr. \u00dcyesi \u2013 Sibel Kahraman, \u0130stanbul \u015ei\u015fli Meslek Y\u00fcksekokulu, T\u00fcrkiye<\/p>\r\n<p>\u00d6\u011fr. G\u00f6r. Aysun Ergin \u2013 \u0130stanbul \u015ei\u015fli Meslek Y\u00fcksekokulu, T\u00fcrkiye<\/p>\r\n<p>\u00d6\u011fr. G\u00f6r. Burak Alkan \u2013 \u0130stanbul \u015ei\u015fli Meslek Y\u00fcksekokulu, T\u00fcrkiye\u00a0<\/p>\r\n<p>Bilgi \u0130\u015flem M\u00fcd\u00fcr\u00fc Mesut Pek &#8211; \u0130stanbul \u015ei\u015fli Meslek Y\u00fcksekokulu, T\u00fcrkiye<\/p>\r\n","protected":false},"excerpt":{"rendered":"<p>CHAIRMAN OF THE ORGANIZING COMMITTEE Professor Dr. Ahmet Vecdi Can \u2013 International Vision University, North Macedonia Associate Prof. Dr. Selin Sar\u0131l\u0131 \u2013 \u0130stanbul \u015ei\u015fli Vocational School, T\u00fcrkiye \u00a0 ORGANIZING COMMITTEE Professor Dr. Abd\u00fclmecit Nuredin, International Vision University, North Macedonia Professor Dr. Amra Tuzovi\u0107 \u2013 University of Travnik, Bosnia and Hercegovina Professor. Dr. Muzafer Sara\u010devi\u0107\u00a0 \u2013\u00a0 [&hellip;]<\/p>\n","protected":false},"author":1,"featured_media":0,"parent":0,"menu_order":0,"comment_status":"closed","ping_status":"closed","template":"","meta":{"footnotes":""},"class_list":["post-13","page","type-page","status-publish","hentry"],"_links":{"self":[{"href":"https:\/\/sisli.edu.tr\/icsie\/wp-json\/wp\/v2\/pages\/13","targetHints":{"allow":["GET"]}}],"collection":[{"href":"https:\/\/sisli.edu.tr\/icsie\/wp-json\/wp\/v2\/pages"}],"about":[{"href":"https:\/\/sisli.edu.tr\/icsie\/wp-json\/wp\/v2\/types\/page"}],"author":[{"embeddable":true,"href":"https:\/\/sisli.edu.tr\/icsie\/wp-json\/wp\/v2\/users\/1"}],"replies":[{"embeddable":true,"href":"https:\/\/sisli.edu.tr\/icsie\/wp-json\/wp\/v2\/comments?post=13"}],"version-history":[{"count":34,"href":"https:\/\/sisli.edu.tr\/icsie\/wp-json\/wp\/v2\/pages\/13\/revisions"}],"predecessor-version":[{"id":1011,"href":"https:\/\/sisli.edu.tr\/icsie\/wp-json\/wp\/v2\/pages\/13\/revisions\/1011"}],"wp:attachment":[{"href":"https:\/\/sisli.edu.tr\/icsie\/wp-json\/wp\/v2\/media?parent=13"}],"curies":[{"name":"wp","href":"https:\/\/api.w.org\/{rel}","templated":true}]}}