{"id":21,"date":"2019-02-25T12:42:59","date_gmt":"2019-02-25T12:42:59","guid":{"rendered":"https:\/\/sisli.edu.tr\/icsie\/?page_id=21"},"modified":"2025-10-28T14:34:13","modified_gmt":"2025-10-28T14:34:13","slug":"registration-payments","status":"publish","type":"page","link":"https:\/\/sisli.edu.tr\/icsie\/registration-payments\/","title":{"rendered":"Registration &#038; Payments"},"content":{"rendered":"\r\n<div>\r\n<p><strong>Bildiri Yay\u0131n S\u00fcreci<\/strong><\/p>\r\n<p>ICSIE 2025\u2019e g\u00f6nderilen bildiri \u00f6zetleri, elektronik kitap (e-kitap) format\u0131nda yay\u0131mlanacakt\u0131r. Tam metin bildiriler ise, yazarlar\u0131n iste\u011fine ba\u011fl\u0131 olarak,\u00a0<em>kitap b\u00f6l\u00fcm\u00fc<\/em>\u00a0olarak Nobel Yay\u0131nlar\u0131 taraf\u0131ndan yay\u0131mlanacakt\u0131r.<\/p>\r\n<\/div>\r\n<div><strong>Publication Process<\/strong><\/div>\r\n<div>\r\n<p>The abstracts submitted to ICSIE 2025 will be published in electronic book (e-book) format. Full-text papers will be published, upon authors&#8217; request, as book chapters in a peer-reviewed and ISBN-registered book by Nobel Publishing.<\/p>\r\n<\/div>\r\n<p>&nbsp;<\/p>\r\n<table width=\"569\">\r\n<tbody>\r\n<tr>\r\n<td width=\"110\"><strong>Kat\u0131l\u0131m T\u00fcr\u00fc<\/strong><\/td>\r\n<td width=\"110\"><strong>\u00dccret (TL)<\/strong><\/td>\r\n<td width=\"64\">\u00a0<\/td>\r\n<td width=\"167\"><strong>Type of Participation<\/strong><\/td>\r\n<td width=\"118\"><strong>Fee (Euro)<\/strong><\/td>\r\n<\/tr>\r\n<tr>\r\n<td width=\"110\">Y\u00fcz y\u00fcze Kat\u0131l\u0131m + Kitap B\u00f6l\u00fcm\u00fc<\/td>\r\n<td width=\"110\">1.600 TL<\/td>\r\n<td>\u00a0<\/td>\r\n<td width=\"167\">On-site Participation + Book Chapter<\/td>\r\n<td width=\"118\">30 \u20ac<\/td>\r\n<\/tr>\r\n<tr>\r\n<td width=\"110\">Y\u00fcz y\u00fcze Kat\u0131l\u0131m<\/td>\r\n<td width=\"110\">1.100 TL<\/td>\r\n<td>\u00a0<\/td>\r\n<td width=\"167\">On-site Participation Only<\/td>\r\n<td width=\"118\">20 \u20ac<\/td>\r\n<\/tr>\r\n<tr>\r\n<td width=\"110\">Online Kat\u0131l\u0131m + Kitap B\u00f6l\u00fcm\u00fc<\/td>\r\n<td width=\"110\">2.100 TL<\/td>\r\n<td>\u00a0<\/td>\r\n<td width=\"167\">Online Participation + Book Chapter<\/td>\r\n<td width=\"118\">40 \u20ac<\/td>\r\n<\/tr>\r\n<tr>\r\n<td width=\"110\">Online Kat\u0131l\u0131m<\/td>\r\n<td width=\"110\">1.600TL<\/td>\r\n<td>\u00a0<\/td>\r\n<td width=\"167\">Online Participation Only<\/td>\r\n<td width=\"118\">30 \u20ac<\/td>\r\n<\/tr>\r\n<\/tbody>\r\n<\/table>\r\n<p><strong>Not:<\/strong> \u0130ki ve daha fazla yazarl\u0131 bildirilerde her bir yazar\u0131n ayr\u0131 kay\u0131t yapt\u0131rmas\u0131 ve kat\u0131l\u0131m \u00fccreti \u00f6demesi gerekmektedir.<\/p>\r\n<p><strong>Note:<\/strong> For papers with two or more authors, each author must register separately and pay the participation fee individually.<\/p>\r\n<p>&nbsp;<\/p>\r\n<p>* All the authors will receive the hard copy of the book by land post<\/p>\r\n<p>*International delivery cost fee belongs to the participants<\/p>\r\n<p>SWIFT KODU: TRHBTR2A<\/p>\r\n<p>Hesap Sahibi : ULUSLARARASI V\u0130ZYON \u00dcN\u0130VERS\u0130TES\u0130<br \/>Banka Ad\u0131 : HALKBANK \/ EURO HESABI<br \/>\u015eube Ad\u0131 : S\u0130TELER \/ ANKARA \u015eB.<br \/>\u0130ban Numaras\u0131 : TR51 0001 2009 2080 0058 0001 72<br \/>A\u00e7\u0131klamaya : Kat\u0131l\u0131mc\u0131 Ad\u0131 Soyad\u0131 &#8211; kongre \u00fccreti<\/p>\r\n<p>Hesap ad\u0131: \u0130stanbul \u015ei\u015fli Meslek Y\u00fcksekokulu <br \/>\u0130ban no: TR32 0013 4000 0068 2739 6000 94<br \/>A\u00e7\u0131klamaya : Kat\u0131l\u0131mc\u0131 Ad\u0131 Soyad\u0131 &#8211; kongre \u00fccreti<\/p>\r\n","protected":false},"excerpt":{"rendered":"<p>Bildiri Yay\u0131n S\u00fcreci ICSIE 2025\u2019e g\u00f6nderilen bildiri \u00f6zetleri, elektronik kitap (e-kitap) format\u0131nda yay\u0131mlanacakt\u0131r. Tam metin bildiriler ise, yazarlar\u0131n iste\u011fine ba\u011fl\u0131 olarak,\u00a0kitap b\u00f6l\u00fcm\u00fc\u00a0olarak Nobel Yay\u0131nlar\u0131 taraf\u0131ndan yay\u0131mlanacakt\u0131r. Publication Process The abstracts submitted to ICSIE 2025 will be published in electronic book (e-book) format. Full-text papers will be published, upon authors&#8217; request, as book chapters in a [&hellip;]<\/p>\n","protected":false},"author":2,"featured_media":0,"parent":0,"menu_order":0,"comment_status":"closed","ping_status":"closed","template":"","meta":{"footnotes":""},"class_list":["post-21","page","type-page","status-publish","hentry"],"_links":{"self":[{"href":"https:\/\/sisli.edu.tr\/icsie\/wp-json\/wp\/v2\/pages\/21","targetHints":{"allow":["GET"]}}],"collection":[{"href":"https:\/\/sisli.edu.tr\/icsie\/wp-json\/wp\/v2\/pages"}],"about":[{"href":"https:\/\/sisli.edu.tr\/icsie\/wp-json\/wp\/v2\/types\/page"}],"author":[{"embeddable":true,"href":"https:\/\/sisli.edu.tr\/icsie\/wp-json\/wp\/v2\/users\/2"}],"replies":[{"embeddable":true,"href":"https:\/\/sisli.edu.tr\/icsie\/wp-json\/wp\/v2\/comments?post=21"}],"version-history":[{"count":55,"href":"https:\/\/sisli.edu.tr\/icsie\/wp-json\/wp\/v2\/pages\/21\/revisions"}],"predecessor-version":[{"id":1025,"href":"https:\/\/sisli.edu.tr\/icsie\/wp-json\/wp\/v2\/pages\/21\/revisions\/1025"}],"wp:attachment":[{"href":"https:\/\/sisli.edu.tr\/icsie\/wp-json\/wp\/v2\/media?parent=21"}],"curies":[{"name":"wp","href":"https:\/\/api.w.org\/{rel}","templated":true}]}}