{"id":31,"date":"2019-02-25T12:44:37","date_gmt":"2019-02-25T12:44:37","guid":{"rendered":"https:\/\/sisli.edu.tr\/icsie\/?page_id=31"},"modified":"2025-10-07T10:37:05","modified_gmt":"2025-10-07T10:37:05","slug":"important-dates","status":"publish","type":"page","link":"https:\/\/sisli.edu.tr\/icsie\/important-dates\/","title":{"rendered":"Important Dates"},"content":{"rendered":"\r\n<table>\r\n<tbody>\r\n<tr>\r\n<td>\r\n<p><strong>Conference Dates:<\/strong> November 6\u20137, 2025<br \/><strong>First Call for Papers:<\/strong> June 13, 2025<br \/><strong>Deadline for Abstract and Full Paper Submission:<\/strong> October 19, 2025<br \/><strong>Program Announcement Date:<\/strong> To be announced<\/p>\r\n<p><strong>Recommended Hotels:<\/strong> <span style=\"color: #ff0000;\"><a style=\"color: #ff0000;\" href=\"https:\/\/sisli.edu.tr\/icsie\/wp-content\/uploads\/2025\/10\/TAVSIYE-EDILEN-OTELLER-1.pdf\">Click<\/a> <\/span>to Reach.<\/p>\r\n<p>&nbsp;<\/p>\r\n<\/td>\r\n<td>\r\n<p><strong>Kongre Tarihi:<\/strong> 6-7 Kas\u0131m 2025<br \/><strong>\u0130lk Bildiri \u00c7a\u011fr\u0131s\u0131:<\/strong> 13 Haziran 2025<br \/><strong>\u00d6zet ve Tam Bildiri G\u00f6nderimi i\u00e7in Son Tarih:<\/strong> 19 Ekim\u00a0 2025<br \/><strong>Program Duyuru Tarihi:<\/strong> Duyurulacakt\u0131r&#8230;<\/p>\r\n<p><strong>Tavsiye Edilen Oteller:\u00a0<\/strong> Ula\u015fmak i\u00e7in <span style=\"color: #ff0000;\"><a style=\"color: #ff0000;\" href=\"https:\/\/sisli.edu.tr\/icsie\/wp-content\/uploads\/2025\/10\/TAVSIYE-EDILEN-OTELLER-1.pdf\">T\u0131klay\u0131n\u0131z<\/a><\/span>.<\/p>\r\n<p>&nbsp;<\/p>\r\n<p><\/p>\r\n<\/td>\r\n<\/tr>\r\n<\/tbody>\r\n<\/table>","protected":false},"excerpt":{"rendered":"<p>Conference Dates: November 6\u20137, 2025First Call for Papers: June 13, 2025Deadline for Abstract and Full Paper Submission: October 19, 2025Program Announcement Date: To be announced Recommended Hotels: Click to Reach. &nbsp; Kongre Tarihi: 6-7 Kas\u0131m 2025\u0130lk Bildiri \u00c7a\u011fr\u0131s\u0131: 13 Haziran 2025\u00d6zet ve Tam Bildiri G\u00f6nderimi i\u00e7in Son Tarih: 19 Ekim\u00a0 2025Program Duyuru Tarihi: Duyurulacakt\u0131r&#8230; Tavsiye [&hellip;]<\/p>\n","protected":false},"author":2,"featured_media":0,"parent":0,"menu_order":0,"comment_status":"closed","ping_status":"closed","template":"","meta":{"footnotes":""},"class_list":["post-31","page","type-page","status-publish","hentry"],"_links":{"self":[{"href":"https:\/\/sisli.edu.tr\/icsie\/wp-json\/wp\/v2\/pages\/31","targetHints":{"allow":["GET"]}}],"collection":[{"href":"https:\/\/sisli.edu.tr\/icsie\/wp-json\/wp\/v2\/pages"}],"about":[{"href":"https:\/\/sisli.edu.tr\/icsie\/wp-json\/wp\/v2\/types\/page"}],"author":[{"embeddable":true,"href":"https:\/\/sisli.edu.tr\/icsie\/wp-json\/wp\/v2\/users\/2"}],"replies":[{"embeddable":true,"href":"https:\/\/sisli.edu.tr\/icsie\/wp-json\/wp\/v2\/comments?post=31"}],"version-history":[{"count":56,"href":"https:\/\/sisli.edu.tr\/icsie\/wp-json\/wp\/v2\/pages\/31\/revisions"}],"predecessor-version":[{"id":1022,"href":"https:\/\/sisli.edu.tr\/icsie\/wp-json\/wp\/v2\/pages\/31\/revisions\/1022"}],"wp:attachment":[{"href":"https:\/\/sisli.edu.tr\/icsie\/wp-json\/wp\/v2\/media?parent=31"}],"curies":[{"name":"wp","href":"https:\/\/api.w.org\/{rel}","templated":true}]}}