{"id":36,"date":"2019-02-25T12:46:09","date_gmt":"2019-02-25T12:46:09","guid":{"rendered":"https:\/\/sisli.edu.tr\/icsie\/?page_id=36"},"modified":"2025-11-05T14:33:21","modified_gmt":"2025-11-05T14:33:21","slug":"congress-programme","status":"publish","type":"page","link":"https:\/\/sisli.edu.tr\/icsie\/congress-programme\/","title":{"rendered":"Congress Programme"},"content":{"rendered":"<h3>Kongre Program\u0131na Ula\u015fmak \u0130\u00e7in <span style=\"color: #ff0000;\"><a style=\"color: #ff0000;\" href=\"https:\/\/sisli.edu.tr\/icsie\/wp-content\/uploads\/2025\/11\/2025-ICSIE-KONGRE-PROGRAMI_251105_143230.pdf\">T\u0131klay\u0131n\u0131z<\/a><\/span>.<\/h3>\n<h3><a href=\"https:\/\/sisli.edu.tr\/icsie\/wp-content\/uploads\/2025\/11\/2025-ICSIE-KONGRE-PROGRAMI_251105_143230.pdf\"><span style=\"color: #ff0000;\">Click<\/span> <\/a>here to the congress program.<\/h3>\n<h3><strong>ICSIE 2025 kapsam\u0131nda bildiri ve sunum dilleri T\u00fcrk\u00e7e ve \u0130ngilizcedir. Bildirinizi T\u00fcrk\u00e7e veya \u0130ngilizce olarak g\u00f6nderebilir, sunumunuzu ise tercihinize g\u00f6re her iki dilden birinde ger\u00e7ekle\u015ftirebilirsiniz.<\/strong><\/h3>\n<h3><strong>At ICSIE 2025, the languages of papers and presentations are Turkish and English. You may submit your paper in either Turkish or English, and deliver your presentation in the language of your choice.<\/strong><\/h3>\n","protected":false},"excerpt":{"rendered":"<p>Kongre Program\u0131na Ula\u015fmak \u0130\u00e7in T\u0131klay\u0131n\u0131z. Click here to the congress program. ICSIE 2025 kapsam\u0131nda bildiri ve sunum dilleri T\u00fcrk\u00e7e ve \u0130ngilizcedir. Bildirinizi T\u00fcrk\u00e7e veya \u0130ngilizce olarak g\u00f6nderebilir, sunumunuzu ise tercihinize g\u00f6re her iki dilden birinde ger\u00e7ekle\u015ftirebilirsiniz. At ICSIE 2025, the languages of papers and presentations are Turkish and English. You may submit your paper in [&hellip;]<\/p>\n","protected":false},"author":2,"featured_media":0,"parent":0,"menu_order":0,"comment_status":"closed","ping_status":"closed","template":"","meta":{"footnotes":""},"class_list":["post-36","page","type-page","status-publish","hentry"],"_links":{"self":[{"href":"https:\/\/sisli.edu.tr\/icsie\/wp-json\/wp\/v2\/pages\/36","targetHints":{"allow":["GET"]}}],"collection":[{"href":"https:\/\/sisli.edu.tr\/icsie\/wp-json\/wp\/v2\/pages"}],"about":[{"href":"https:\/\/sisli.edu.tr\/icsie\/wp-json\/wp\/v2\/types\/page"}],"author":[{"embeddable":true,"href":"https:\/\/sisli.edu.tr\/icsie\/wp-json\/wp\/v2\/users\/2"}],"replies":[{"embeddable":true,"href":"https:\/\/sisli.edu.tr\/icsie\/wp-json\/wp\/v2\/comments?post=36"}],"version-history":[{"count":25,"href":"https:\/\/sisli.edu.tr\/icsie\/wp-json\/wp\/v2\/pages\/36\/revisions"}],"predecessor-version":[{"id":1042,"href":"https:\/\/sisli.edu.tr\/icsie\/wp-json\/wp\/v2\/pages\/36\/revisions\/1042"}],"wp:attachment":[{"href":"https:\/\/sisli.edu.tr\/icsie\/wp-json\/wp\/v2\/media?parent=36"}],"curies":[{"name":"wp","href":"https:\/\/api.w.org\/{rel}","templated":true}]}}