{"id":5,"date":"2019-02-25T12:39:05","date_gmt":"2019-02-25T12:39:05","guid":{"rendered":"https:\/\/sisli.edu.tr\/icsie\/?page_id=5"},"modified":"2026-03-25T07:14:13","modified_gmt":"2026-03-25T07:14:13","slug":"anasayfa","status":"publish","type":"page","link":"https:\/\/sisli.edu.tr\/icsie\/","title":{"rendered":"Home"},"content":{"rendered":"\r\n<p><a href=\"https:\/\/sisli.edu.tr\/icsie\/wp-content\/uploads\/2020\/09\/b8bdfa2b-0634-4608-8812-cdf7891b9d08.jpg\"><img loading=\"lazy\" decoding=\"async\" class=\"alignnone size-full wp-image-960\" src=\"https:\/\/sisli.edu.tr\/icsie\/wp-content\/uploads\/2020\/09\/b8bdfa2b-0634-4608-8812-cdf7891b9d08.jpg\" alt=\"\" width=\"1600\" height=\"583\" srcset=\"https:\/\/sisli.edu.tr\/icsie\/wp-content\/uploads\/2020\/09\/b8bdfa2b-0634-4608-8812-cdf7891b9d08.jpg 1600w, https:\/\/sisli.edu.tr\/icsie\/wp-content\/uploads\/2020\/09\/b8bdfa2b-0634-4608-8812-cdf7891b9d08-300x109.jpg 300w, https:\/\/sisli.edu.tr\/icsie\/wp-content\/uploads\/2020\/09\/b8bdfa2b-0634-4608-8812-cdf7891b9d08-1024x373.jpg 1024w, https:\/\/sisli.edu.tr\/icsie\/wp-content\/uploads\/2020\/09\/b8bdfa2b-0634-4608-8812-cdf7891b9d08-768x280.jpg 768w, https:\/\/sisli.edu.tr\/icsie\/wp-content\/uploads\/2020\/09\/b8bdfa2b-0634-4608-8812-cdf7891b9d08-1536x560.jpg 1536w, https:\/\/sisli.edu.tr\/icsie\/wp-content\/uploads\/2020\/09\/b8bdfa2b-0634-4608-8812-cdf7891b9d08-255x93.jpg 255w\" sizes=\"auto, (max-width: 1600px) 100vw, 1600px\" \/><\/a><\/p>\r\n<h3 style=\"text-align: center;\">Congress Invitation: 6\u20137 November 2025<\/h3>\r\n<p>&nbsp;<\/p>\r\n<p><a href=\"https:\/\/sisli.edu.tr\/icsie\/wp-content\/uploads\/2026\/03\/Banner-ICSIE.png\"><img loading=\"lazy\" decoding=\"async\" class=\"alignnone size-full wp-image-1052\" src=\"https:\/\/sisli.edu.tr\/icsie\/wp-content\/uploads\/2026\/03\/Banner-ICSIE.png\" alt=\"\" width=\"1920\" height=\"700\" srcset=\"https:\/\/sisli.edu.tr\/icsie\/wp-content\/uploads\/2026\/03\/Banner-ICSIE.png 1920w, https:\/\/sisli.edu.tr\/icsie\/wp-content\/uploads\/2026\/03\/Banner-ICSIE-300x109.png 300w, https:\/\/sisli.edu.tr\/icsie\/wp-content\/uploads\/2026\/03\/Banner-ICSIE-1024x373.png 1024w, https:\/\/sisli.edu.tr\/icsie\/wp-content\/uploads\/2026\/03\/Banner-ICSIE-768x280.png 768w, https:\/\/sisli.edu.tr\/icsie\/wp-content\/uploads\/2026\/03\/Banner-ICSIE-1536x560.png 1536w, https:\/\/sisli.edu.tr\/icsie\/wp-content\/uploads\/2026\/03\/Banner-ICSIE-255x93.png 255w\" sizes=\"auto, (max-width: 1920px) 100vw, 1920px\" \/><\/a><\/p>\r\n<p>\u00a0\u0130stanbul \u015ei\u015fli Meslek Y\u00fcksekokulu akademisyenlerinin katk\u0131lar\u0131yla haz\u0131rlanan 4. Uluslararas\u0131 Bilim, \u0130novasyon ve E\u011fitim Kongresi (ICSIE 2025) kongre kitab\u0131 yay\u0131mland\u0131.<\/p>\r\n<p>Edit\u00f6rl\u00fc\u011f\u00fcn\u00fc Y\u00fcksekokul M\u00fcd\u00fcr Yard\u0131mc\u0131s\u0131 Say\u0131n \u00d6\u011fr. G\u00f6r. Burak Alkan ile Bankac\u0131l\u0131k ve Sigortac\u0131l\u0131k Program Ba\u015fkan\u0131 Say\u0131n Dr. \u00d6\u011fr. \u00dcyesi Sibel Kahraman Ak\u2019\u0131n \u00fcstlendi\u011fi eserde, y\u00fcksekokul akademisyenlerinin bilimsel \u00e7al\u0131\u015fmalar\u0131 yer ald\u0131.<\/p>\r\n<p>Akademik literat\u00fcre katk\u0131 sunan bu de\u011ferli \u00e7al\u0131\u015fmada eme\u011fi ge\u00e7en t\u00fcm akademisyenlere te\u015fekk\u00fcr edilirken, yay\u0131mlanan kongre kitab\u0131n\u0131n ara\u015ft\u0131rmac\u0131lar i\u00e7in \u00f6nemli bir kaynak olmas\u0131 bekleniyor.<\/p>\r\n<p>&nbsp;<\/p>\r\n<h3>Kongre Program\u0131na Ula\u015fmak \u0130\u00e7in <span style=\"color: #ff0000;\"><a style=\"color: #ff0000;\" href=\"https:\/\/sisli.edu.tr\/icsie\/wp-content\/uploads\/2025\/11\/2025-ICSIE-KONGRE-PROGRAMI_251105_143230.pdf\">T\u0131klay\u0131n\u0131z<\/a><\/span>.\u00a0<\/h3>\r\n<h3><a href=\"https:\/\/sisli.edu.tr\/icsie\/wp-content\/uploads\/2025\/11\/2025-ICSIE-KONGRE-PROGRAMI_251105_143230.pdf\"><span style=\"color: #ff0000;\">Click<\/span> <\/a>here to the congress program.<\/h3>\r\n<h3>Kongre \u00d6zet Kitap\u00e7\u0131\u011f\u0131 \u0130\u00e7in <span style=\"color: #ff0000;\"><a style=\"color: #ff0000;\" href=\"https:\/\/sisli.edu.tr\/icsie\/wp-content\/uploads\/2025\/11\/ICSIE-2025-Abstract-Booklet-6.pdf\">T\u0131klay\u0131n\u0131z<\/a><\/span>.\u00a0<\/h3>\r\n<h3><a href=\"https:\/\/sisli.edu.tr\/icsie\/wp-content\/uploads\/2025\/11\/ICSIE-2025-Abstract-Booklet-6.pdf\"><span style=\"color: #ff0000;\">Click<\/span> <\/a><span class=\"Y2IQFc\" lang=\"en\"> for the Congress Abstracts Book.<\/span><\/h3>\r\n<table style=\"text-align: justify;\">\r\n<tbody>\r\n<tr>\r\n<td>\r\n<h4>\u201cInterdisciplinary Bridges in the Digital Age\u201d<\/h4>\r\n<p><span style=\"font-weight: 400;\">The 4th International \u015ei\u015fli Science Congress, a well-established academic tradition organized by Istanbul \u015ei\u015fli Vocational School, continues its scholarly journey this year with a renewed identity and strong international collaboration. Under its new title, the INTERNATIONAL CONGRESS ON SCIENCE, INNOVATION AND EDUCATION (ICSIE 2025), the congress will partner with the International Vision University in North Macedonia.<\/span><\/p>\r\n<p><span style=\"font-weight: 400;\">ICSIE 2025 aims to expand the space for scientific production, innovative thinking, and interdisciplinary dialogue. In today\u2019s digital age, where transformation is rapid and constant, academic knowledge production is increasingly moving beyond the boundaries of single disciplines. Bringing together researchers from diverse fields, the congress underscores the vital role of interdisciplinary collaboration in advancing scientific understanding and societal impact.<\/span><\/p>\r\n<p><span style=\"font-weight: 400;\">At the same time, ICSIE 2025 aspires to become a dynamic platform for international academic cooperation, fostering dialogue that transcends geographical boundaries and encourages sustainable scholarly networks. We invite you to participate in ICSIE 2025, a scientific platform designed to foster knowledge expansion, strengthen collaboration, and broaden academic vision. Click the <a href=\"https:\/\/sisli.edu.tr\/icsie\/registration-payments\/\"><span style=\"color: #ff0000;\">registration<\/span> <\/a>link to secure your place.<\/span><\/p>\r\n<p><span style=\"font-weight: 400;\">The congress will be held on November 6-7, 2025, in Gostivar, North Macedonia, and will address a range of compelling themes, including but not limited to:\u00a0<\/span><\/p>\r\n<p><strong>Congress Themes<\/strong><\/p>\r\n<div>\r\n<ul>\r\n<li>Natural and Applied Sciences<\/li>\r\n<li>Social Sciences and Humanities<\/li>\r\n<li>Educational Sciences and Instructional Technologies<\/li>\r\n<li>Health Sciences and Innovative Practices in Health<\/li>\r\n<li>Engineering, Technology, and Artificial Intelligence<\/li>\r\n<li>Arts, Design, and Media<\/li>\r\n<li>Digitalization, Innovation, and Entrepreneurship<\/li>\r\n<li>Sustainability, Global Issues, and Policy Perspectives<\/li>\r\n<\/ul>\r\n<p>&nbsp;<\/p>\r\n<\/div>\r\n<\/td>\r\n<td>\r\n<h4>\u201cDijital \u00c7a\u011fda Disiplinleraras\u0131 K\u00f6pr\u00fcler\u201d<\/h4>\r\n<div>\r\n<p>\u0130stanbul \u015ei\u015fli Meslek Y\u00fcksekokulu taraf\u0131ndan gelenekselle\u015fen ve bu y\u0131l d\u00f6rd\u00fcnc\u00fcs\u00fc\u00a0 d\u00fczenlenecek olan Uluslararas\u0131 \u015ei\u015fli Bilim Kongresi, akademik yolculu\u011funa bu kez yeni bir isim ve g\u00fc\u00e7l\u00fc bir uluslararas\u0131 i\u015f birli\u011fiyle devam ediyor. Uluslararas\u0131 Bilim, \u0130novasyon ve E\u011fitim (ICSIE 2025) ad\u0131yla, Makedonya\u2019daki Uluslararas\u0131 Vizyon \u00dcniversitesi ortakl\u0131\u011f\u0131nda ger\u00e7ekle\u015ftirilecek kongre; bilimsel \u00fcretimin, yenilik\u00e7i d\u00fc\u015f\u00fcncenin ve disiplinleraras\u0131 diyalo\u011fun zeminini geni\u015fletmeyi ama\u00e7l\u0131yor.<br \/>Dijitalle\u015fmenin y\u00f6n verdi\u011fi \u00e7a\u011fda\u015f d\u00fcnyada, akademik bilgi \u00fcretimi art\u0131k tek disiplinli yakla\u015f\u0131mlar\u0131n \u00f6tesine ge\u00e7iyor. ICSIE 2025, farkl\u0131 alanlardan ara\u015ft\u0131rmac\u0131lar\u0131 bir araya getirerek, disiplinleraras\u0131 i\u015f birliklerinin akademik ilerleme i\u00e7in ta\u015f\u0131d\u0131\u011f\u0131 \u00f6neme dikkat \u00e7ekiyor.<br \/>Ayn\u0131 zamanda, uluslararas\u0131 akademik i\u015f birli\u011fini te\u015fvik eden bir bulu\u015fma noktas\u0131 olmay\u0131 hedefleyen kongre, bilimsel diyalogun co\u011frafi s\u0131n\u0131rlar\u0131 a\u015fmas\u0131na imk\u00e2n sa\u011fl\u0131yor. Bilginin \u00e7o\u011fald\u0131\u011f\u0131, i\u015f birli\u011finin g\u00fc\u00e7lendi\u011fi ve vizyonun geni\u015fledi\u011fi bilimsel bir platform sunmay\u0131 hedefleyen ISCIE 2025\u2019e kat\u0131lmak i\u00e7in kay\u0131t linkini <span style=\"color: #ff0000;\"><a style=\"color: #ff0000;\" href=\"https:\/\/sisli.edu.tr\/icsie\/registration-payments\/\">t\u0131klay\u0131n<\/a><\/span>.\u00a0<\/p>\r\n<p>Kuzey Makedonya&#8217;da 6-7 Kas\u0131m 2025 tarihinde ger\u00e7ekle\u015ftirilecek kongrenin \u00f6ne \u00e7\u0131kan konu ba\u015fl\u0131klar\u0131 \u015funlar:<\/p>\r\n<p><br \/><strong>Kongre Temalar\u0131<\/strong><\/p>\r\n<\/div>\r\n<ul>\r\n<li>Do\u011fa Bilimleri ve Uygulamal\u0131 Bilimler<\/li>\r\n<li>Sosyal Bilimler ve Be\u015feri Bilimler<\/li>\r\n<li>E\u011fitim Bilimleri ve \u00d6\u011fretim Teknolojileri<\/li>\r\n<li>Sa\u011fl\u0131k Bilimleri ve Sa\u011fl\u0131kta Yenilik\u00e7i Yakla\u015f\u0131mlar<\/li>\r\n<li>M\u00fchendislik, Teknoloji ve Yapay Zek\u00e2<\/li>\r\n<li>G\u00fczel Sanatlar, Tasar\u0131m ve Medya \u00c7al\u0131\u015fmalar\u0131<\/li>\r\n<li>Dijitalle\u015fme, \u0130novasyon ve Giri\u015fimcilik Ara\u015ft\u0131rmalar\u0131<\/li>\r\n<li>S\u00fcrd\u00fcr\u00fclebilirlik, K\u00fcresel Meseleler ve Politika Yakla\u015f\u0131mlar\u0131<\/li>\r\n<\/ul>\r\n<p>&nbsp;<\/p>\r\n<p>&nbsp;<\/p>\r\n<p>&nbsp;<\/p>\r\n<p>&nbsp;<\/p>\r\n<p>&nbsp;<\/p>\r\n<figure><\/figure>\r\n<p><\/p>\r\n<\/td>\r\n<\/tr>\r\n<\/tbody>\r\n<\/table>\r\n<table>\r\n<tbody>\r\n<tr>\r\n<td><a href=\"https:\/\/sisli.edu.tr\/icsie\/wp-content\/uploads\/2020\/09\/f5e96322-43d1-4689-8823-6d4ee788a350.jpg\"><img loading=\"lazy\" decoding=\"async\" class=\"alignnone size-full wp-image-958\" src=\"https:\/\/sisli.edu.tr\/icsie\/wp-content\/uploads\/2020\/09\/f5e96322-43d1-4689-8823-6d4ee788a350.jpg\" alt=\"\" width=\"1140\" height=\"1600\" srcset=\"https:\/\/sisli.edu.tr\/icsie\/wp-content\/uploads\/2020\/09\/f5e96322-43d1-4689-8823-6d4ee788a350.jpg 1140w, https:\/\/sisli.edu.tr\/icsie\/wp-content\/uploads\/2020\/09\/f5e96322-43d1-4689-8823-6d4ee788a350-214x300.jpg 214w, https:\/\/sisli.edu.tr\/icsie\/wp-content\/uploads\/2020\/09\/f5e96322-43d1-4689-8823-6d4ee788a350-730x1024.jpg 730w, https:\/\/sisli.edu.tr\/icsie\/wp-content\/uploads\/2020\/09\/f5e96322-43d1-4689-8823-6d4ee788a350-768x1078.jpg 768w, https:\/\/sisli.edu.tr\/icsie\/wp-content\/uploads\/2020\/09\/f5e96322-43d1-4689-8823-6d4ee788a350-1094x1536.jpg 1094w, https:\/\/sisli.edu.tr\/icsie\/wp-content\/uploads\/2020\/09\/f5e96322-43d1-4689-8823-6d4ee788a350-255x358.jpg 255w\" sizes=\"auto, (max-width: 1140px) 100vw, 1140px\" \/><\/a><\/td>\r\n<td><a href=\"https:\/\/sisli.edu.tr\/icsie\/wp-content\/uploads\/2020\/09\/5ac94f82-0046-4a3e-9b99-44bdc460a80f.jpg\"><img loading=\"lazy\" decoding=\"async\" class=\"alignnone size-full wp-image-959\" src=\"https:\/\/sisli.edu.tr\/icsie\/wp-content\/uploads\/2020\/09\/5ac94f82-0046-4a3e-9b99-44bdc460a80f.jpg\" alt=\"\" width=\"1140\" height=\"1600\" srcset=\"https:\/\/sisli.edu.tr\/icsie\/wp-content\/uploads\/2020\/09\/5ac94f82-0046-4a3e-9b99-44bdc460a80f.jpg 1140w, https:\/\/sisli.edu.tr\/icsie\/wp-content\/uploads\/2020\/09\/5ac94f82-0046-4a3e-9b99-44bdc460a80f-214x300.jpg 214w, https:\/\/sisli.edu.tr\/icsie\/wp-content\/uploads\/2020\/09\/5ac94f82-0046-4a3e-9b99-44bdc460a80f-730x1024.jpg 730w, https:\/\/sisli.edu.tr\/icsie\/wp-content\/uploads\/2020\/09\/5ac94f82-0046-4a3e-9b99-44bdc460a80f-768x1078.jpg 768w, https:\/\/sisli.edu.tr\/icsie\/wp-content\/uploads\/2020\/09\/5ac94f82-0046-4a3e-9b99-44bdc460a80f-1094x1536.jpg 1094w, https:\/\/sisli.edu.tr\/icsie\/wp-content\/uploads\/2020\/09\/5ac94f82-0046-4a3e-9b99-44bdc460a80f-255x358.jpg 255w\" sizes=\"auto, (max-width: 1140px) 100vw, 1140px\" \/><\/a><\/td>\r\n<\/tr>\r\n<\/tbody>\r\n<\/table>","protected":false},"excerpt":{"rendered":"<p>Congress Invitation: 6\u20137 November 2025 &nbsp; \u00a0\u0130stanbul \u015ei\u015fli Meslek Y\u00fcksekokulu akademisyenlerinin katk\u0131lar\u0131yla haz\u0131rlanan 4. Uluslararas\u0131 Bilim, \u0130novasyon ve E\u011fitim Kongresi (ICSIE 2025) kongre kitab\u0131 yay\u0131mland\u0131. Edit\u00f6rl\u00fc\u011f\u00fcn\u00fc Y\u00fcksekokul M\u00fcd\u00fcr Yard\u0131mc\u0131s\u0131 Say\u0131n \u00d6\u011fr. G\u00f6r. Burak Alkan ile Bankac\u0131l\u0131k ve Sigortac\u0131l\u0131k Program Ba\u015fkan\u0131 Say\u0131n Dr. \u00d6\u011fr. \u00dcyesi Sibel Kahraman Ak\u2019\u0131n \u00fcstlendi\u011fi eserde, y\u00fcksekokul akademisyenlerinin bilimsel \u00e7al\u0131\u015fmalar\u0131 yer ald\u0131. [&hellip;]<\/p>\n","protected":false},"author":2,"featured_media":0,"parent":0,"menu_order":0,"comment_status":"closed","ping_status":"closed","template":"","meta":{"footnotes":""},"class_list":["post-5","page","type-page","status-publish","hentry"],"_links":{"self":[{"href":"https:\/\/sisli.edu.tr\/icsie\/wp-json\/wp\/v2\/pages\/5","targetHints":{"allow":["GET"]}}],"collection":[{"href":"https:\/\/sisli.edu.tr\/icsie\/wp-json\/wp\/v2\/pages"}],"about":[{"href":"https:\/\/sisli.edu.tr\/icsie\/wp-json\/wp\/v2\/types\/page"}],"author":[{"embeddable":true,"href":"https:\/\/sisli.edu.tr\/icsie\/wp-json\/wp\/v2\/users\/2"}],"replies":[{"embeddable":true,"href":"https:\/\/sisli.edu.tr\/icsie\/wp-json\/wp\/v2\/comments?post=5"}],"version-history":[{"count":121,"href":"https:\/\/sisli.edu.tr\/icsie\/wp-json\/wp\/v2\/pages\/5\/revisions"}],"predecessor-version":[{"id":1053,"href":"https:\/\/sisli.edu.tr\/icsie\/wp-json\/wp\/v2\/pages\/5\/revisions\/1053"}],"wp:attachment":[{"href":"https:\/\/sisli.edu.tr\/icsie\/wp-json\/wp\/v2\/media?parent=5"}],"curies":[{"name":"wp","href":"https:\/\/api.w.org\/{rel}","templated":true}]}}