{"id":7,"date":"2019-02-25T12:40:21","date_gmt":"2019-02-25T12:40:21","guid":{"rendered":"https:\/\/sisli.edu.tr\/icsie\/?page_id=7"},"modified":"2025-05-12T08:14:31","modified_gmt":"2025-05-12T08:14:31","slug":"about","status":"publish","type":"page","link":"https:\/\/sisli.edu.tr\/icsie\/about\/","title":{"rendered":"About"},"content":{"rendered":"\r\n<table style=\"text-align: justify;\">\r\n<tbody>\r\n<tr>\r\n<td>\r\n<p><b>About;<\/b><\/p>\r\n<p>Organized successfully for three consecutive years by Istanbul \u015ei\u015fli Vocational School, the \u015ei\u015fli International Science Congress has continuously expanded its scope to support scientific production, foster collaboration among researchers, and promote interdisciplinary exchange.<\/p>\r\n<p>The 3rd \u015ei\u015fli International Science Congress, held in 2022, made a significant contribution to international academic dialogue and was organized in collaboration with \u201cAngel Kanchev\u201d University of Ruse, Bulgaria.\u00a0<\/p>\r\n<p>In line with this ongoing development, the congress has entered a new phase and adopted a new name. As of 2025, it will continue as the <em>International Congress on Science, Innovation and Education (ICSIE 2025).<\/em><\/p>\r\n<p>The fourth edition of the congress will be held on <strong>6\u20137 November 2025<\/strong>, hosted by International Vision University in Gostivar, North Macedonia.<\/p>\r\n<p>The congress will be organized in a hybrid format, offering both in-person and online participation options. This inclusive model aims to facilitate broader engagement from academics, researchers, and professionals across diverse geographic regions. ICSIE 2025 aspires to serve as a multidisciplinary platform for the exchange of ideas not only in science but also in the fields of innovation and education.<\/p>\r\n3<\/td>\r\n<td>\r\n<p><b>Hakk\u0131m\u0131zda;<\/b><\/p>\r\n<p><span style=\"font-weight: 400;\">\u0130stanbul \u015ei\u015fli Meslek Y\u00fcksekokulu taraf\u0131ndan \u00fc\u00e7 y\u0131l \u00fcst \u00fcste ba\u015far\u0131yla d\u00fczenlenen Uluslararas\u0131 \u015ei\u015fli Bilim Kongresi, bilimsel \u00fcretimi desteklemek, ara\u015ft\u0131rmac\u0131lar aras\u0131nda i\u015f birli\u011fini g\u00fc\u00e7lendirmek ve disiplinleraras\u0131 etkile\u015fimi te\u015fvik etmek amac\u0131yla her ge\u00e7en y\u0131l kapsam\u0131n\u0131 geni\u015fleterek yoluna devam etmektedir. 2022 y\u0131l\u0131nda d\u00fczenlenen 3. Uluslararas\u0131 \u015ei\u015fli Bilim Kongresi, uluslararas\u0131 akademik diyalo\u011fa \u00f6nemli katk\u0131lar sunmu\u015f ve bu kapsamda Bulgaristan\u2019\u0131n Ruse kentinde bulunan \u201cAngel Kanchev\u201d Ruse \u00dcniversitesi i\u015f birli\u011fiyle ger\u00e7ekle\u015ftirilmi\u015ftir.<\/span><\/p>\r\n<p><span style=\"font-weight: 400;\">Bu s\u00fcreklilik ve geli\u015fim \u00e7izgisi do\u011frultusunda, kongremiz yeni bir a\u015famaya ge\u00e7erek isim de\u011fi\u015fikli\u011fine gitmi\u015ftir. Kongrenin Uluslararas\u0131 Bilim, \u0130novasyon ve E\u011fitim (ICSIE 2025) ad\u0131yla devam etmesi kararla\u015ft\u0131r\u0131lm\u0131\u015ft\u0131r. Bu kapsamda d\u00f6rd\u00fcnc\u00fc kongremiz 6-7 Kas\u0131m 2025 tarihlerinde Kuzey Makedonya\u2019n\u0131n Gostivar \u015fehrinde bulunan Uluslararas\u0131 Vizyon \u00dcniversitesi ev sahipli\u011finde ger\u00e7ekle\u015ftirilecektir.<\/span><\/p>\r\n<p><span style=\"font-weight: 400;\">Kongre, hem y\u00fcz y\u00fcze hem de \u00e7evrim i\u00e7i kat\u0131l\u0131m se\u00e7enekleriyle hibrit olarak d\u00fczenlenecek; b\u00f6ylece farkl\u0131 co\u011frafyalardan akademisyenlerin, ara\u015ft\u0131rmac\u0131lar\u0131n ve uzmanlar\u0131n daha kapsay\u0131c\u0131 bir bi\u00e7imde bulu\u015fmas\u0131na olanak tan\u0131yacakt\u0131r. ICSIE 2025, bilimsel geli\u015fmelerin yan\u0131 s\u0131ra inovasyon ve e\u011fitim alanlar\u0131nda da disiplinler aras\u0131 bir payla\u015f\u0131m platformu sunmay\u0131 hedeflemektedir.<\/span><\/p>\r\n<p>&nbsp;<\/p>\r\n<p>&nbsp;<\/p>\r\n<p>&nbsp;<\/p>\r\n<p>&nbsp;<\/p>\r\n<\/td>\r\n<\/tr>\r\n<\/tbody>\r\n<\/table>","protected":false},"excerpt":{"rendered":"<p>About; Organized successfully for three consecutive years by Istanbul \u015ei\u015fli Vocational School, the \u015ei\u015fli International Science Congress has continuously expanded its scope to support scientific production, foster collaboration among researchers, and promote interdisciplinary exchange. The 3rd \u015ei\u015fli International Science Congress, held in 2022, made a significant contribution to international academic dialogue and was organized in [&hellip;]<\/p>\n","protected":false},"author":1,"featured_media":0,"parent":0,"menu_order":0,"comment_status":"closed","ping_status":"closed","template":"","meta":{"footnotes":""},"class_list":["post-7","page","type-page","status-publish","hentry"],"_links":{"self":[{"href":"https:\/\/sisli.edu.tr\/icsie\/wp-json\/wp\/v2\/pages\/7","targetHints":{"allow":["GET"]}}],"collection":[{"href":"https:\/\/sisli.edu.tr\/icsie\/wp-json\/wp\/v2\/pages"}],"about":[{"href":"https:\/\/sisli.edu.tr\/icsie\/wp-json\/wp\/v2\/types\/page"}],"author":[{"embeddable":true,"href":"https:\/\/sisli.edu.tr\/icsie\/wp-json\/wp\/v2\/users\/1"}],"replies":[{"embeddable":true,"href":"https:\/\/sisli.edu.tr\/icsie\/wp-json\/wp\/v2\/comments?post=7"}],"version-history":[{"count":21,"href":"https:\/\/sisli.edu.tr\/icsie\/wp-json\/wp\/v2\/pages\/7\/revisions"}],"predecessor-version":[{"id":982,"href":"https:\/\/sisli.edu.tr\/icsie\/wp-json\/wp\/v2\/pages\/7\/revisions\/982"}],"wp:attachment":[{"href":"https:\/\/sisli.edu.tr\/icsie\/wp-json\/wp\/v2\/media?parent=7"}],"curies":[{"name":"wp","href":"https:\/\/api.w.org\/{rel}","templated":true}]}}