{"id":9,"date":"2019-02-25T12:40:46","date_gmt":"2019-02-25T12:40:46","guid":{"rendered":"https:\/\/sisli.edu.tr\/icsie\/?page_id=9"},"modified":"2025-04-28T12:37:56","modified_gmt":"2025-04-28T12:37:56","slug":"topics","status":"publish","type":"page","link":"https:\/\/sisli.edu.tr\/icsie\/topics\/","title":{"rendered":"Topics"},"content":{"rendered":"<table>\n<tbody>\n<tr>\n<td>Law and Justice in the Digital Age<br \/>\nDigital Law and Data Protection Regulations<br \/>\nDigital Transformation in Education and Pedagogy<br \/>\nArtificial Intelligence and Machine Learning in Computer Science<br \/>\nInnovations in Healthcare and Medical Technologies<br \/>\nSustainable Economic Development and Digital Economies<br \/>\nAdvances in Engineering for Smart Cities and Infrastructure<br \/>\nPsychological Well-being in the Digital Era<br \/>\nInterdisciplinary Approaches in Social Sciences<br \/>\nCutting-edge Developments in Natural Sciences<br \/>\nPublic Health and Epidemiology in the Digital Age<br \/>\nCybersecurity and Ethical Challenges in Technology<br \/>\nEntrepreneurship and Innovation Ecosystems<br \/>\nEnvironmental Sustainability and Green Technologies<br \/>\nHuman-Computer Interaction and User Experience Design<br \/>\nGlobal Governance and Policy in the Digital Transformation<br \/>\nData Science and Analytics for Decision-Making<br \/>\nEducational Technologies and E-Learning Platforms<br \/>\nBiomedical Engineering and Health Informatics<br \/>\nCultural and Societal Impacts of Digitalization<br \/>\nRobotics and Automation in Industry 4.0<\/td>\n<td>Dijital \u00c7a\u011fda Hukuk ve Adalet<br \/>\nDijital Hukuk ve Veri Koruma Mevzuatlar\u0131<br \/>\nE\u011fitim ve Pedagojide Dijital D\u00f6n\u00fc\u015f\u00fcm<br \/>\nBilgisayar Bilimlerinde Yapay Zek\u00e2 ve Makine \u00d6\u011frenmesi<br \/>\nSa\u011fl\u0131k Hizmetlerinde ve T\u0131bbi Teknolojilerde Yenilikler<br \/>\nS\u00fcrd\u00fcr\u00fclebilir Ekonomik Kalk\u0131nma ve Dijital Ekonomiler<br \/>\nAk\u0131ll\u0131 \u015eehirler ve Altyap\u0131lar i\u00e7in M\u00fchendislikte Geli\u015fmeler<br \/>\nDijital \u00c7a\u011fda Psikolojik \u0130yi Olu\u015f<br \/>\nSosyal Bilimlerde Disiplinleraras\u0131 Yakla\u015f\u0131mlar<br \/>\nDo\u011fa Bilimlerinde \u00d6nc\u00fc Geli\u015fmeler<br \/>\nDijital \u00c7a\u011fda Halk Sa\u011fl\u0131\u011f\u0131 ve Epidemiyoloji<br \/>\nSiber G\u00fcvenlik ve Teknolojide Etik Sorunlar<br \/>\nGiri\u015fimcilik ve \u0130novasyon Ekosistemleri<br \/>\n\u00c7evresel S\u00fcrd\u00fcr\u00fclebilirlik ve Ye\u015fil Teknolojiler<br \/>\n\u0130nsan-Bilgisayar Etkile\u015fimi ve Kullan\u0131c\u0131 Deneyimi Tasar\u0131m\u0131<br \/>\nDijital D\u00f6n\u00fc\u015f\u00fcm S\u00fcrecinde K\u00fcresel Y\u00f6neti\u015fim ve Politika<br \/>\nKarar Alma S\u00fcre\u00e7lerinde Veri Bilimi ve Analitik<br \/>\nE\u011fitim Teknolojileri ve Uzaktan \u00d6\u011frenme Platformlar\u0131<br \/>\nBiyomedikal M\u00fchendisli\u011fi ve Sa\u011fl\u0131k Bili\u015fimi<br \/>\nDijitalle\u015fmenin K\u00fclt\u00fcrel ve Toplumsal Etkileri<br \/>\nSanayi 4.0\u2019da Robotik ve Otomasyon<\/td>\n<\/tr>\n<\/tbody>\n<\/table>\n","protected":false},"excerpt":{"rendered":"<p>Law and Justice in the Digital Age Digital Law and Data Protection Regulations Digital Transformation in Education and Pedagogy Artificial Intelligence and Machine Learning in Computer Science Innovations in Healthcare and Medical Technologies Sustainable Economic Development and Digital Economies Advances in Engineering for Smart Cities and Infrastructure Psychological Well-being in the Digital Era Interdisciplinary Approaches [&hellip;]<\/p>\n","protected":false},"author":1,"featured_media":0,"parent":0,"menu_order":0,"comment_status":"closed","ping_status":"closed","template":"","meta":{"footnotes":""},"class_list":["post-9","page","type-page","status-publish","hentry"],"_links":{"self":[{"href":"https:\/\/sisli.edu.tr\/icsie\/wp-json\/wp\/v2\/pages\/9","targetHints":{"allow":["GET"]}}],"collection":[{"href":"https:\/\/sisli.edu.tr\/icsie\/wp-json\/wp\/v2\/pages"}],"about":[{"href":"https:\/\/sisli.edu.tr\/icsie\/wp-json\/wp\/v2\/types\/page"}],"author":[{"embeddable":true,"href":"https:\/\/sisli.edu.tr\/icsie\/wp-json\/wp\/v2\/users\/1"}],"replies":[{"embeddable":true,"href":"https:\/\/sisli.edu.tr\/icsie\/wp-json\/wp\/v2\/comments?post=9"}],"version-history":[{"count":8,"href":"https:\/\/sisli.edu.tr\/icsie\/wp-json\/wp\/v2\/pages\/9\/revisions"}],"predecessor-version":[{"id":939,"href":"https:\/\/sisli.edu.tr\/icsie\/wp-json\/wp\/v2\/pages\/9\/revisions\/939"}],"wp:attachment":[{"href":"https:\/\/sisli.edu.tr\/icsie\/wp-json\/wp\/v2\/media?parent=9"}],"curies":[{"name":"wp","href":"https:\/\/api.w.org\/{rel}","templated":true}]}}