{"id":11,"date":"2019-02-25T12:41:14","date_gmt":"2019-02-25T12:41:14","guid":{"rendered":"http:\/\/sisli.edu.tr\/uisbk2021\/?page_id=11"},"modified":"2021-03-25T08:15:43","modified_gmt":"2021-03-25T08:15:43","slug":"bilim-kurulu","status":"publish","type":"page","link":"https:\/\/sisli.edu.tr\/uisbk2021\/bilim-kurulu\/","title":{"rendered":"Bilim Kurulu"},"content":{"rendered":"\r\n<p><span style=\"font-weight: 400;\">Dr. \u00d6\u011fr. \u00dcyesi M. Sedat BEK\u0130RO\u011eLU (\u0130stanbul \u015ei\u015fli Meslek Y\u00fcksekokulu)<\/span><\/p>\r\n<p><span style=\"font-weight: 400;\">Prof. Dr. Ali Serdar FAK (Marmara \u00dcniversitesi)\u00a0<\/span><\/p>\r\n<p><span style=\"font-weight: 400;\">Prof. Dr. Aynur AYDIN (\u0130stanbul \u00dcniversitesi Cerrahpa\u015fa)\u00a0<\/span><\/p>\r\n<p><span style=\"font-weight: 400;\">Prof. Dr. Dina \u00c7AKMUR YILDIRTAN (Marmara \u00dcniversitesi)<\/span><\/p>\r\n<p><span style=\"font-weight: 400;\">Prof. Dimitar RADEV, DSc (University of Telecommunications and Post)\u00a0<\/span><\/p>\r\n<p><span style=\"font-weight: 400;\">Prof. Dr. Fad\u0131l \u00d6ZYENER (Bursa Uluda\u011f \u00dcniversitesi)\u00a0<\/span><\/p>\r\n<p><span style=\"font-weight: 400;\">Prof. Dr. H\u00fcseyin D\u0130R\u0130K (\u0130stanbul \u00dcniversitesi Cerrahpa\u015fa)\u00a0<\/span><\/p>\r\n<p><span style=\"font-weight: 400;\">Prof. Iliya ILIEV (University of Ruse \u201cAngel Kanchev\u201d)\u00a0<\/span><\/p>\r\n<p><span style=\"font-weight: 400;\">Prof. Dr. \u0130brahim KIR\u00c7OVA (Y\u0131ld\u0131z Teknik \u00dcniversitesi)\u00a0<\/span><\/p>\r\n<p><span style=\"font-weight: 400;\">Prof. Dr. Nevzat TARHAN (\u00dcsk\u00fcdar \u00dcniversitesi)\u00a0<\/span><\/p>\r\n<p><span style=\"font-weight: 400;\">Prof. Dr. Turan \u00d6ZT\u00dcRK (\u0130stanbul Teknik \u00dcniversitesi)\u00a0<\/span><\/p>\r\n<p><span style=\"font-weight: 400;\">Do\u00e7. Dr. Ali Murat KIRIK (Marmara \u00dcniversitesi)\u00a0<\/span><\/p>\r\n<p><span style=\"font-weight: 400;\">Do\u00e7. Dr. Aysel G\u00dcNDO\u011eDU (Medipol \u00dcniversitesi)\u00a0<\/span><\/p>\r\n<p><span style=\"font-weight: 400;\">Do\u00e7. Dr. Banu DAYAN\u00c7 KIYAT (Hali\u00e7 \u00dcniversitesi)\u00a0<\/span><\/p>\r\n<p><span style=\"font-weight: 400;\">Do\u00e7. Dr. Deniz YAT KIRA\u00c7 (Yeditepe \u00dcniversitesi)\u00a0<\/span><\/p>\r\n<p><span style=\"font-weight: 400;\">Do\u00e7. Dr. Ebru ERBA\u015e G\u00dcRLER (\u0130stanbul Teknik \u00dcniversitesi)\u00a0<\/span><\/p>\r\n<p><span style=\"font-weight: 400;\">Do\u00e7. Dr. Fahri ERENEL (\u0130stinye \u00dcniversitesi)<\/span><\/p>\r\n<p><span style=\"font-weight: 400;\">Do\u00e7. Dr. Fatma Ay\u00e7im T\u00dcRER BA\u015eKAYA (\u0130stanbul Teknik \u00dcniversitesi)\u00a0<\/span><\/p>\r\n<p><span style=\"font-weight: 400;\">Do\u00e7. Filip TSVETANOV (South-West University \u201cNeofit Rilski\u201d)<\/span><\/p>\r\n<p><span style=\"font-weight: 400;\">Do\u00e7. Grigor MIHAYLOV (University of Telecommunications and Post)<\/span><\/p>\r\n<p><span style=\"font-weight: 400;\">Do\u00e7. Dr. Ivan BELOEV (University of Ruse \u201cAngel Kanchev\u201d)\u00a0<\/span><\/p>\r\n<p><span style=\"font-weight: 400;\">Do\u00e7. Ivaylo STOYANOV (University of Ruse \u201cAngel Kanchev\u201d)<\/span><\/p>\r\n<p><span style=\"font-weight: 400;\">Do\u00e7. Dr. Mehmet G\u00dcNE\u015e (Marmara \u00dcniversitesi)\u00a0<\/span><\/p>\r\n<p>Do\u00e7. Dr. M\u00fcge AKIN (Abdullah G\u00fcl \u00fcniversitesi)<\/p>\r\n<p><span style=\"font-weight: 400;\">Do\u00e7. Dr. Mustafa Sava\u015f \u00c7EV\u0130K (Hali\u00e7 \u00dcniversitesi)\u00a0<\/span><\/p>\r\n<p><span style=\"font-weight: 400;\">Do\u00e7. Dr. Mutluhan AKIN (Nev\u015fehir Hac\u0131 Bekta\u015f Veli \u00dcniversitesi)\u00a0<\/span><\/p>\r\n<p><span style=\"font-weight: 400;\">Do\u00e7. Dr. Nuri \u00c7elik (Gebze Teknik \u00dcniversitesi)\u00a0<\/span><\/p>\r\n<p><span style=\"font-weight: 400;\">Do\u00e7. Dr. Onur \u015eATIR (Van Y\u00fcz\u00fcnc\u00fc Y\u0131l \u00dcniversitesi)\u00a0<\/span><\/p>\r\n<p><span style=\"font-weight: 400;\">Do\u00e7. Dr. Osman Devrim ELVAN (\u0130stanbul \u00dcniversitesi Cerrahpa\u015fa)\u00a0<\/span><\/p>\r\n<p>Do\u00e7. Dr. P\u0131nar G\u00dcL (Atat\u00fcrk \u00dcniversitesi)<\/p>\r\n<p><span style=\"font-weight: 400;\">Do\u00e7. Dr. Serkan KEME\u00c7 (Van Y\u00fcz\u00fcnc\u00fc Y\u0131l \u00dcniversitesi)\u00a0<\/span><\/p>\r\n<p><span style=\"font-weight: 400;\">Do\u00e7. Dr. \u015eenay ALSAN (Hali\u00e7 \u00dcniversitesi)\u00a0<\/span><\/p>\r\n<p>Do\u00e7. Dr. \u015eeyda G\u00dcL (Atat\u00fcrk \u00dcniversitesi)<\/p>\r\n<p><span style=\"font-weight: 400;\">Do\u00e7. Dr. Yordan DOICHINOV (University of Ruse \u201cAngel Kanchev\u201d)\u00a0<\/span><\/p>\r\n<p><span style=\"font-weight: 400;\">Dr. \u00d6\u011fr. \u00dcyesi Evin DO\u011eAN (\u0130stanbul \u015ei\u015fli Meslek Y\u00fcksekokulu)<\/span><\/p>\r\n<p><span style=\"font-weight: 400;\">Dr. \u00d6\u011fr. \u00dcyesi Hacer CANATAN (\u0130stanbul \u015ei\u015fli Meslek Y\u00fcksekokulu)<\/span><\/p>\r\n<p><span style=\"font-weight: 400;\">Dr. \u00d6\u011fr. \u00dcyesi Hakan \u0130MERT (\u0130stinye \u00dcniversitesi)\u00a0<\/span><\/p>\r\n<p><span style=\"font-weight: 400;\">Dr. \u00d6\u011fr. \u00dcyesi Merve \u00d6ZHAN (\u0130stanbul \u015ei\u015fli Meslek Y\u00fcksekokulu)<\/span><\/p>\r\n<p><span style=\"font-weight: 400;\">Dr. \u00d6\u011fr. \u00dcyesi Metin TURAN (\u0130stanbul Ticaret \u00dcniversitesi)<\/span><\/p>\r\n<p><span style=\"font-weight: 400;\">Dr. \u00d6\u011fr. \u00dcyesi Nimet VEL\u0130O\u011eLU (\u0130stanbul \u00dcniversitesi Cerrahpa\u015fa)\u00a0<\/span><\/p>\r\n<p><span style=\"font-weight: 400;\">Dr. \u00d6\u011fr. \u00dcyesi Nurg\u00fcl Erdem (\u0130stanbul \u00dcniversitesi Cerrahpa\u015fa)\u00a0<\/span><\/p>\r\n<p><span style=\"font-weight: 400;\">\u00d6\u011fr. \u00dcyesi Panagiotis KOGIAS (International Hellenic University)<\/span><\/p>\r\n<p><span style=\"font-weight: 400;\">Dr. \u00d6\u011fr. \u00dcyesi Saadettin Murat ONAT (Bart\u0131n \u00dcniversitesi)\u00a0<\/span><\/p>\r\n<p><span style=\"font-weight: 400;\">Dr. \u00d6\u011fr. \u00dcyesi Salih SALBACAK (Fatih Sultan Mehmet Vak\u0131f \u00dcniversitesi)<\/span><\/p>\r\n<p><span style=\"font-weight: 400;\">Dr. \u00d6\u011fr. \u00dcyesi Sarkis S\u00d6ZKES (Nam\u0131k Kemal \u00dcniversitesi)<\/span><\/p>\r\n<p><span style=\"font-weight: 400;\">Dr. \u00d6\u011fr. \u00dcyesi Selin SARILI (\u0130stanbul \u015ei\u015fli Meslek Y\u00fcksekokulu)<\/span><\/p>\r\n<p><span style=\"font-weight: 400;\">Dr. \u00d6\u011fr. \u00dcyesi Y. \u00d6zhan T\u00fcrker (\u0130stanbul \u015ei\u015fli Meslek Y\u00fcksekokulu)<\/span><\/p>\r\n<p><span style=\"font-weight: 400;\">Dr. \u00d6\u011fr. \u00dcyesi Yeliz G\u00d6REN (\u0130stanbul \u015ei\u015fli Meslek Y\u00fcksekokulu)<\/span><\/p>\r\n<p>&nbsp;<\/p>\r\n<p><span style=\"font-weight: 400;\">\u00a0\u00a0\u00a0 \u00a0 \u00a0 \u00a0 \u00a0 \u00a0 \u00a0 \u00a0 \u00a0 \u00a0 \u00a0 \u00a0 \u00a0 \u00a0 \u00a0 \u00a0 \u00a0 \u00a0 \u00a0 \u00a0 \u00a0 \u00a0 \u00a0 \u00a0 \u00a0\u00a0<\/span><\/p>","protected":false},"excerpt":{"rendered":"<p>Dr. \u00d6\u011fr. \u00dcyesi M. Sedat BEK\u0130RO\u011eLU (\u0130stanbul \u015ei\u015fli Meslek Y\u00fcksekokulu) Prof. Dr. Ali Serdar FAK (Marmara \u00dcniversitesi)\u00a0 Prof. Dr. Aynur AYDIN (\u0130stanbul \u00dcniversitesi Cerrahpa\u015fa)\u00a0 Prof. Dr. Dina \u00c7AKMUR YILDIRTAN (Marmara \u00dcniversitesi) Prof. Dimitar RADEV, DSc (University of Telecommunications and Post)\u00a0 Prof. Dr. Fad\u0131l \u00d6ZYENER (Bursa Uluda\u011f \u00dcniversitesi)\u00a0 Prof. Dr. H\u00fcseyin D\u0130R\u0130K (\u0130stanbul \u00dcniversitesi Cerrahpa\u015fa)\u00a0 Prof. [&hellip;]<\/p>\n","protected":false},"author":1,"featured_media":0,"parent":0,"menu_order":0,"comment_status":"closed","ping_status":"closed","template":"","meta":[],"_links":{"self":[{"href":"https:\/\/sisli.edu.tr\/uisbk2021\/wp-json\/wp\/v2\/pages\/11"}],"collection":[{"href":"https:\/\/sisli.edu.tr\/uisbk2021\/wp-json\/wp\/v2\/pages"}],"about":[{"href":"https:\/\/sisli.edu.tr\/uisbk2021\/wp-json\/wp\/v2\/types\/page"}],"author":[{"embeddable":true,"href":"https:\/\/sisli.edu.tr\/uisbk2021\/wp-json\/wp\/v2\/users\/1"}],"replies":[{"embeddable":true,"href":"https:\/\/sisli.edu.tr\/uisbk2021\/wp-json\/wp\/v2\/comments?post=11"}],"version-history":[{"count":33,"href":"https:\/\/sisli.edu.tr\/uisbk2021\/wp-json\/wp\/v2\/pages\/11\/revisions"}],"predecessor-version":[{"id":663,"href":"https:\/\/sisli.edu.tr\/uisbk2021\/wp-json\/wp\/v2\/pages\/11\/revisions\/663"}],"wp:attachment":[{"href":"https:\/\/sisli.edu.tr\/uisbk2021\/wp-json\/wp\/v2\/media?parent=11"}],"curies":[{"name":"wp","href":"https:\/\/api.w.org\/{rel}","templated":true}]}}