{"id":13,"date":"2019-02-25T12:41:29","date_gmt":"2019-02-25T12:41:29","guid":{"rendered":"http:\/\/sisli.edu.tr\/uisbk2021\/?page_id=13"},"modified":"2020-10-02T18:19:18","modified_gmt":"2020-10-02T18:19:18","slug":"duzenleme-kurulu","status":"publish","type":"page","link":"https:\/\/sisli.edu.tr\/uisbk2021\/duzenleme-kurulu\/","title":{"rendered":"D\u00fczenleme Kurulu"},"content":{"rendered":"\r\n<p>Prof. Dr. Aynur AYDIN (Onursal Ba\u015fkan)<\/p>\r\n\r\n\r\n\r\n<p>\u0130brahim AYBAR (\u0130stanbul \u015ei\u015fli Meslek Y\u00fcksekokulu M\u00fctevelli Heyet Ba\u015fkan\u0131)<\/p>\r\n<p style=\"font-weight: 400;\">COR MEM Prof. Hristo Beloev, DTSc DHC mult. (University of Ruse \u201cAngel Kanchev&#8221;, Bulgaria)<\/p>\r\n\r\n\r\n\r\n<p>Dr. \u00d6\u011fr. \u00dcyesi M. Sedat BEK\u0130RO\u011eLU (\u0130stanbul \u015ei\u015fli Meslek Y\u00fcksekokulu M\u00fcd\u00fcr\u00fc)<\/p>\r\n\r\n\r\n\r\n<p>Mustafa K\u00d6RPE(\u0130stanbul \u015ei\u015fli Meslek Y\u00fcksekokulu Y\u00fcksekokul Sekreteri)<\/p>\r\n\r\n\r\n\r\n<p>\u00d6\u011fr. G\u00f6r. Leyla An\u0131l G\u00d6L (\u0130stanbul \u015ei\u015fli Meslek Y\u00fcksekokulu M\u00fcd\u00fcr Yard\u0131mc\u0131s\u0131)\u00a0<\/p>\r\n<p style=\"font-weight: 400;\">Prof. Dr. Teodor ILIEV (University of Ruse \u201cAngel Kanchev&#8221;, Bulgaria)<\/p>\r\n<p style=\"font-weight: 400;\">Do\u00e7. Dr. Ivaylo Stoyanov (University of Ruse \u201cAngel Kanchev&#8221;, Bulgaria)<\/p>\r\n\r\n\r\n\r\n<p>Dr. \u00d6\u011fr. \u00dcyesi Selin SARILI<\/p>\r\n\r\n\r\n\r\n<p>Dr. \u00d6\u011fr. \u00dcyesi Y. \u00d6zhan T\u00dcRKER\u00a0<\/p>\r\n\r\n\r\n\r\n<p>\u00d6\u011fr. G\u00f6r. Burak ALKAN<\/p>\r\n\r\n\r\n\r\n<p>\u00d6\u011fr. G\u00f6r. Ali Naz\u0131m BE\u015e\u0130K\u00c7\u0130<\/p>\r\n<p>\u00d6\u011fr. G\u00f6r. Senem Esra BABAO\u011eLU<\/p>\r\n\r\n\r\n\r\n<p>Mesut PEK (\u0130stanbul \u015ei\u015fli Meslek Y\u00fcksekokulu Bilgi \u0130\u015flem M\u00fcd\u00fcr\u00fc)<\/p>\r\n","protected":false},"excerpt":{"rendered":"<p>Prof. Dr. Aynur AYDIN (Onursal Ba\u015fkan) \u0130brahim AYBAR (\u0130stanbul \u015ei\u015fli Meslek Y\u00fcksekokulu M\u00fctevelli Heyet Ba\u015fkan\u0131) COR MEM Prof. Hristo Beloev, DTSc DHC mult. (University of Ruse \u201cAngel Kanchev&#8221;, Bulgaria) Dr. \u00d6\u011fr. \u00dcyesi M. Sedat BEK\u0130RO\u011eLU (\u0130stanbul \u015ei\u015fli Meslek Y\u00fcksekokulu M\u00fcd\u00fcr\u00fc) Mustafa K\u00d6RPE(\u0130stanbul \u015ei\u015fli Meslek Y\u00fcksekokulu Y\u00fcksekokul Sekreteri) \u00d6\u011fr. G\u00f6r. Leyla An\u0131l G\u00d6L (\u0130stanbul \u015ei\u015fli Meslek [&hellip;]<\/p>\n","protected":false},"author":1,"featured_media":0,"parent":0,"menu_order":0,"comment_status":"closed","ping_status":"closed","template":"","meta":[],"_links":{"self":[{"href":"https:\/\/sisli.edu.tr\/uisbk2021\/wp-json\/wp\/v2\/pages\/13"}],"collection":[{"href":"https:\/\/sisli.edu.tr\/uisbk2021\/wp-json\/wp\/v2\/pages"}],"about":[{"href":"https:\/\/sisli.edu.tr\/uisbk2021\/wp-json\/wp\/v2\/types\/page"}],"author":[{"embeddable":true,"href":"https:\/\/sisli.edu.tr\/uisbk2021\/wp-json\/wp\/v2\/users\/1"}],"replies":[{"embeddable":true,"href":"https:\/\/sisli.edu.tr\/uisbk2021\/wp-json\/wp\/v2\/comments?post=13"}],"version-history":[{"count":16,"href":"https:\/\/sisli.edu.tr\/uisbk2021\/wp-json\/wp\/v2\/pages\/13\/revisions"}],"predecessor-version":[{"id":608,"href":"https:\/\/sisli.edu.tr\/uisbk2021\/wp-json\/wp\/v2\/pages\/13\/revisions\/608"}],"wp:attachment":[{"href":"https:\/\/sisli.edu.tr\/uisbk2021\/wp-json\/wp\/v2\/media?parent=13"}],"curies":[{"name":"wp","href":"https:\/\/api.w.org\/{rel}","templated":true}]}}