{"id":21,"date":"2019-02-25T12:42:59","date_gmt":"2019-02-25T12:42:59","guid":{"rendered":"http:\/\/sisli.edu.tr\/uisbk2021\/?page_id=21"},"modified":"2021-03-01T14:44:56","modified_gmt":"2021-03-01T14:44:56","slug":"ucret-bilgisi","status":"publish","type":"page","link":"https:\/\/sisli.edu.tr\/uisbk2021\/ucret-bilgisi\/","title":{"rendered":"\u00dccret Bilgisi"},"content":{"rendered":"\r\n<p>Bildiri \u00f6zetleri \u0130stanbul \u015ei\u015fli Meslek Y\u00fcksekokulu taraf\u0131ndan bildiri \u00f6zet kitap\u00e7\u0131\u011f\u0131nda yay\u0131mlanacakt\u0131r. Bildiri tam metinleri ise tercihe ba\u011fl\u0131 olarak uluslararas\u0131 yay\u0131nevi taraf\u0131ndan kitap b\u00f6l\u00fcm\u00fc olarak yay\u0131mlanacakt\u0131r. Bildiri tam metni ile birlikte maksimum %20 benzerlik i\u00e7eren intihal raporu g\u00f6nderilmesi gerekmektedir.<\/p>\r\n\r\n\r\n\r\n<p>16 Mart\u2019a kadar tam metni y\u00fckleyen ve hakem onay\u0131 alan \u00e7al\u0131\u015fmalar May\u0131s ay\u0131nda; 16 Mart sonras\u0131 sisteme y\u00fcklenen \u00e7al\u0131\u015fmalar ise Eyl\u00fcl ay\u0131nda uluslararas\u0131 kitap b\u00f6l\u00fcm\u00fc olarak yay\u0131mlanacakt\u0131r.<\/p>\r\n<table style=\"height: 196px;\" width=\"548\">\r\n<tbody>\r\n<tr>\r\n<td width=\"64\">\u00a0<\/td>\r\n<td width=\"233\">\r\n<p><strong>Erken Kay\u0131t \u00dccreti<\/strong><\/p>\r\n<p><em><strong>(Son Tarih: 21 Aral\u0131k 2020)<\/strong><\/em><\/p>\r\n<\/td>\r\n<td width=\"128\">\r\n<p><strong>Ge\u00e7 Kay\u0131t \u00dccreti<\/strong><\/p>\r\n<p style=\"text-align: left;\"><em><strong>(Son Tarih: 16 Mart 2021)<\/strong><\/em><\/p>\r\n<\/td>\r\n<\/tr>\r\n<tr>\r\n<td><strong>Kitap B\u00f6l\u00fcm\u00fc Bas\u0131lan<\/strong><\/td>\r\n<td>\r\n<p>300 TL<\/p>\r\n<p>30 Euro<\/p>\r\n<\/td>\r\n<td>\r\n<p>350 TL<\/p>\r\n<p>50Euro<\/p>\r\n<\/td>\r\n<\/tr>\r\n<tr>\r\n<td><strong>\u00d6\u011frenci<\/strong><\/td>\r\n<td>100 TL<\/td>\r\n<td>200 TL<\/td>\r\n<\/tr>\r\n<tr>\r\n<td><strong>Sunum<\/strong><\/td>\r\n<td><strong>\u00dccretsiz<\/strong><\/td>\r\n<td><strong>\u00dccretsiz<\/strong><\/td>\r\n<\/tr>\r\n<\/tbody>\r\n<\/table>\r\n<p>* \u00c7ok yazarl\u0131 bildirilerde her yazar\u0131n \u00fccreti \u00f6demesi gerekmektedir. Bir yazar en fazla 2 bildiri ile kongreye kat\u0131labilecektir.\u00a0\u00a0<\/p>\r\n\r\n\r\n\r\n<p>TR86 0013 4000 0068 2739 6000 92-EUR<br \/>TR59 0013 4000 0068 2739 6000 93-USD<br \/>TR32 0013 4000 0068 2739 6000 94-TL<br \/>Hesap \u0130smi : \u0130STANBUL \u015e\u0130\u015eL\u0130 MESLEK Y\u00dcKSEKOKULU<\/p>\r\n","protected":false},"excerpt":{"rendered":"<p>Bildiri \u00f6zetleri \u0130stanbul \u015ei\u015fli Meslek Y\u00fcksekokulu taraf\u0131ndan bildiri \u00f6zet kitap\u00e7\u0131\u011f\u0131nda yay\u0131mlanacakt\u0131r. Bildiri tam metinleri ise tercihe ba\u011fl\u0131 olarak uluslararas\u0131 yay\u0131nevi taraf\u0131ndan kitap b\u00f6l\u00fcm\u00fc olarak yay\u0131mlanacakt\u0131r. Bildiri tam metni ile birlikte maksimum %20 benzerlik i\u00e7eren intihal raporu g\u00f6nderilmesi gerekmektedir. 16 Mart\u2019a kadar tam metni y\u00fckleyen ve hakem onay\u0131 alan \u00e7al\u0131\u015fmalar May\u0131s ay\u0131nda; 16 Mart sonras\u0131 sisteme [&hellip;]<\/p>\n","protected":false},"author":1,"featured_media":0,"parent":0,"menu_order":0,"comment_status":"closed","ping_status":"closed","template":"","meta":[],"_links":{"self":[{"href":"https:\/\/sisli.edu.tr\/uisbk2021\/wp-json\/wp\/v2\/pages\/21"}],"collection":[{"href":"https:\/\/sisli.edu.tr\/uisbk2021\/wp-json\/wp\/v2\/pages"}],"about":[{"href":"https:\/\/sisli.edu.tr\/uisbk2021\/wp-json\/wp\/v2\/types\/page"}],"author":[{"embeddable":true,"href":"https:\/\/sisli.edu.tr\/uisbk2021\/wp-json\/wp\/v2\/users\/1"}],"replies":[{"embeddable":true,"href":"https:\/\/sisli.edu.tr\/uisbk2021\/wp-json\/wp\/v2\/comments?post=21"}],"version-history":[{"count":39,"href":"https:\/\/sisli.edu.tr\/uisbk2021\/wp-json\/wp\/v2\/pages\/21\/revisions"}],"predecessor-version":[{"id":654,"href":"https:\/\/sisli.edu.tr\/uisbk2021\/wp-json\/wp\/v2\/pages\/21\/revisions\/654"}],"wp:attachment":[{"href":"https:\/\/sisli.edu.tr\/uisbk2021\/wp-json\/wp\/v2\/media?parent=21"}],"curies":[{"name":"wp","href":"https:\/\/api.w.org\/{rel}","templated":true}]}}