{"id":212,"date":"2019-05-13T12:34:41","date_gmt":"2019-05-13T12:34:41","guid":{"rendered":"http:\/\/sisli.edu.tr\/uisbk2021\/?page_id=212"},"modified":"2020-03-12T13:43:40","modified_gmt":"2020-03-12T13:43:40","slug":"yayinevi","status":"publish","type":"page","link":"https:\/\/sisli.edu.tr\/uisbk2021\/yayinevi\/","title":{"rendered":"Yay\u0131nevi"},"content":{"rendered":"<p>&nbsp;<\/p>\n<p><a class=\"dt-single-image\" href=\"\/\/www.gecekitapligi.com\/\" data-dt-img-description=\"\"><img loading=\"lazy\" class=\"alignnone size-full wp-image-519\" src=\"\/\/www.sisli.edu.tr\/uisbk2021\/wp-content\/uploads\/2020\/03\/logo-1.png\" alt=\"\" width=\"200\" height=\"96\" \/><\/a><\/p>\n<p>\/\/www.gecekitapligi.com\/<\/p>\n<p><span style=\"font-weight: 400;\">\u201cGece Kitapl\u0131\u011f\u0131 Yay\u0131nevi \u201d, \u00dcniversiteleraras\u0131 Kurul Ba\u015fkanl\u0131\u011f\u0131 (\u00dcAK)\u2019n\u0131n Nisan 2018 D\u00f6nemi<\/span><\/p>\n<p><span style=\"font-weight: 400;\">Do\u00e7entlik Ba\u015fvuru \u015eartlar\u0131nda belirtti\u011fi tan\u0131ma g\u00f6re \u201cTan\u0131nm\u0131\u015f Uluslararas\u0131 Yay\u0131nevi\u201d stat\u00fcs\u00fcndedir. \u00dcAK s\u00f6z konusu tan\u0131m\u0131 \u015fu \u015fekilde yapm\u0131\u015ft\u0131r: \u201cTan\u0131nm\u0131\u015f Uluslararas\u0131 Yay\u0131nevi: En az be\u015f y\u0131l uluslararas\u0131 d\u00fczeyde d\u00fczenli faaliyet y\u00fcr\u00fcten, yay\u0131mlad\u0131\u011f\u0131 kitaplar d\u00fcnyan\u0131n bilinen \u00fcniversitelerinin kataloglar\u0131nda yer alan ve ayn\u0131 alanda farkl\u0131 yazarlara ait en az 20 kitap yay\u0131mlam\u0131\u015f olan yay\u0131nevi\u201ddir.<\/span><\/p>\n<p><span style=\"font-weight: 400;\">(http:\/\/www.uak.gov.tr\/?q=node\/85#2018N)<\/span><\/p>\n<p>&nbsp;<\/p>\n<p><span style=\"font-weight: 400;\">\u201cGece Kitapl\u0131\u011f\u0131 Yay\u0131nevi\u201d 2008 y\u0131l\u0131nda kurulmu\u015f olup, kurulu\u015fundan bu yana d\u00fczenli faaliyet<\/span><\/p>\n<p><span style=\"font-weight: 400;\">y\u00fcr\u00fctmektedir. Yay\u0131nevimiz 2018 y\u0131l\u0131 Ocak ay\u0131 itibariyle 1425 yerli ve 482 yabanc\u0131 yazar taraf\u0131ndan yaz\u0131lm\u0131\u015f 1907 adet kitap yay\u0131mlam\u0131\u015ft\u0131r. Gece Kitapl\u0131\u011f\u0131 Yay\u0131nevi taraf\u0131ndan yay\u0131mlanan kitaplar Princeton \u00dcniversitesi, Columbia \u00dcniversitesi, Harvard \u00dcniversitesi, Oxford \u00dcniversitesi, Halle Wittenberg \u00dcniversitesi, Toronto \u00dcniversitesi, Britanya \u00dcniversitesi, Stanford \u00dcniversitesi, Kaliforniya \u00dcniversitesi, Duke \u00dcniversitesi, Chicago \u00dcniversitesi ve Amerika Birle\u015fik Devletleri Kongre K\u00fct\u00fcphanesi gibi d\u00fcnyan\u0131n \u00f6nde gelen \u00fcniversite ve kamu k\u00fct\u00fcphanelerinin kataloglar\u0131nda yer almaktad\u0131r.<\/span><\/p>\n","protected":false},"excerpt":{"rendered":"<p>&nbsp; \/\/www.gecekitapligi.com\/ \u201cGece Kitapl\u0131\u011f\u0131 Yay\u0131nevi \u201d, \u00dcniversiteleraras\u0131 Kurul Ba\u015fkanl\u0131\u011f\u0131 (\u00dcAK)\u2019n\u0131n Nisan 2018 D\u00f6nemi Do\u00e7entlik Ba\u015fvuru \u015eartlar\u0131nda belirtti\u011fi tan\u0131ma g\u00f6re \u201cTan\u0131nm\u0131\u015f Uluslararas\u0131 Yay\u0131nevi\u201d stat\u00fcs\u00fcndedir. \u00dcAK s\u00f6z konusu tan\u0131m\u0131 \u015fu \u015fekilde yapm\u0131\u015ft\u0131r: \u201cTan\u0131nm\u0131\u015f Uluslararas\u0131 Yay\u0131nevi: En az be\u015f y\u0131l uluslararas\u0131 d\u00fczeyde d\u00fczenli faaliyet y\u00fcr\u00fcten, yay\u0131mlad\u0131\u011f\u0131 kitaplar d\u00fcnyan\u0131n bilinen \u00fcniversitelerinin kataloglar\u0131nda yer alan ve ayn\u0131 alanda farkl\u0131 yazarlara [&hellip;]<\/p>\n","protected":false},"author":1,"featured_media":0,"parent":0,"menu_order":0,"comment_status":"closed","ping_status":"closed","template":"","meta":[],"_links":{"self":[{"href":"https:\/\/sisli.edu.tr\/uisbk2021\/wp-json\/wp\/v2\/pages\/212"}],"collection":[{"href":"https:\/\/sisli.edu.tr\/uisbk2021\/wp-json\/wp\/v2\/pages"}],"about":[{"href":"https:\/\/sisli.edu.tr\/uisbk2021\/wp-json\/wp\/v2\/types\/page"}],"author":[{"embeddable":true,"href":"https:\/\/sisli.edu.tr\/uisbk2021\/wp-json\/wp\/v2\/users\/1"}],"replies":[{"embeddable":true,"href":"https:\/\/sisli.edu.tr\/uisbk2021\/wp-json\/wp\/v2\/comments?post=212"}],"version-history":[{"count":9,"href":"https:\/\/sisli.edu.tr\/uisbk2021\/wp-json\/wp\/v2\/pages\/212\/revisions"}],"predecessor-version":[{"id":567,"href":"https:\/\/sisli.edu.tr\/uisbk2021\/wp-json\/wp\/v2\/pages\/212\/revisions\/567"}],"wp:attachment":[{"href":"https:\/\/sisli.edu.tr\/uisbk2021\/wp-json\/wp\/v2\/media?parent=212"}],"curies":[{"name":"wp","href":"https:\/\/api.w.org\/{rel}","templated":true}]}}