{"id":28,"date":"2019-02-25T12:44:04","date_gmt":"2019-02-25T12:44:04","guid":{"rendered":"http:\/\/sisli.edu.tr\/uisbk2021\/?page_id=28"},"modified":"2021-02-19T17:15:02","modified_gmt":"2021-02-19T17:15:02","slug":"tam-metin-gonder","status":"publish","type":"page","link":"https:\/\/sisli.edu.tr\/uisbk2021\/tam-metin-gonder\/","title":{"rendered":"Tam Metin G\u00f6nder"},"content":{"rendered":"<p><span style=\"color: #ff0000;\"><a style=\"color: #ff0000;\" href=\"https:\/\/cmt3.research.microsoft.com\/ISSC2021\/\">Tam metin g\u00f6ndermek i\u00e7in t\u0131klay\u0131n\u0131z.<\/a><\/span><\/p>\n<p><span style=\"color: #ff0000;\"><a style=\"color: #ff0000;\" href=\"http:\/\/sisli.edu.tr\/uisbk2021\/wp-content\/uploads\/2020\/12\/kongre-cmt.pdf\">Kullanma k\u0131lavuzu i\u00e7in t\u0131klay\u0131n\u0131z.<\/a><\/span><\/p>\n","protected":false},"excerpt":{"rendered":"<p>Tam metin g\u00f6ndermek i\u00e7in t\u0131klay\u0131n\u0131z. Kullanma k\u0131lavuzu i\u00e7in t\u0131klay\u0131n\u0131z.<\/p>\n","protected":false},"author":1,"featured_media":0,"parent":0,"menu_order":0,"comment_status":"closed","ping_status":"closed","template":"","meta":[],"_links":{"self":[{"href":"https:\/\/sisli.edu.tr\/uisbk2021\/wp-json\/wp\/v2\/pages\/28"}],"collection":[{"href":"https:\/\/sisli.edu.tr\/uisbk2021\/wp-json\/wp\/v2\/pages"}],"about":[{"href":"https:\/\/sisli.edu.tr\/uisbk2021\/wp-json\/wp\/v2\/types\/page"}],"author":[{"embeddable":true,"href":"https:\/\/sisli.edu.tr\/uisbk2021\/wp-json\/wp\/v2\/users\/1"}],"replies":[{"embeddable":true,"href":"https:\/\/sisli.edu.tr\/uisbk2021\/wp-json\/wp\/v2\/comments?post=28"}],"version-history":[{"count":9,"href":"https:\/\/sisli.edu.tr\/uisbk2021\/wp-json\/wp\/v2\/pages\/28\/revisions"}],"predecessor-version":[{"id":637,"href":"https:\/\/sisli.edu.tr\/uisbk2021\/wp-json\/wp\/v2\/pages\/28\/revisions\/637"}],"wp:attachment":[{"href":"https:\/\/sisli.edu.tr\/uisbk2021\/wp-json\/wp\/v2\/media?parent=28"}],"curies":[{"name":"wp","href":"https:\/\/api.w.org\/{rel}","templated":true}]}}