{"id":31,"date":"2019-02-25T12:44:37","date_gmt":"2019-02-25T12:44:37","guid":{"rendered":"http:\/\/sisli.edu.tr\/uisbk2021\/?page_id=31"},"modified":"2021-02-22T14:07:12","modified_gmt":"2021-02-22T14:07:12","slug":"onemli-tarihler","status":"publish","type":"page","link":"https:\/\/sisli.edu.tr\/uisbk2021\/onemli-tarihler\/","title":{"rendered":"\u00d6nemli Tarihler"},"content":{"rendered":"\r\n<p>&nbsp;<\/p>\r\n<p>\u0130lk \u00c7a\u011fr\u0131:<b> 21.09.2020<\/b><\/p>\r\n\r\n\r\n\r\n<p>\u0130kinci \u00c7a\u011fr\u0131: <strong>19.10.2020<\/strong><\/p>\r\n<p>\u00d6zet G\u00f6nderim Son Tarihi: <b>16.03.2021\u00a0<\/b><\/p>\r\n\r\n\r\n\r\n<p>Uluslararas\u0131 Kitap B\u00f6l\u00fcm\u00fc i\u00e7in Tam Metin G\u00f6nderim Son Tarihi: <b>16.03.2021<\/b><b><\/b><\/p>\r\n<p>\r\n\r\n<\/p>\r\n<p>\r\n\r\n<\/p>\r\n<p>Program\u0131n \u0130lan Tarihi: <em>Duyurulacakt\u0131r.<\/em><\/p>\r\n<p><strong>*Tam metni 16 Mart\u2019a kadar y\u00fckleyenler May\u0131s ay\u0131ndaki kitapta bas\u0131lacakt\u0131r. 16 Mart\u2019tan sonra y\u00fckleyenler Eyl\u00fcl ay\u0131ndaki kitapta bas\u0131lacakt\u0131r.<\/strong><\/p>\r\n<p><\/p>","protected":false},"excerpt":{"rendered":"<p>&nbsp; \u0130lk \u00c7a\u011fr\u0131: 21.09.2020 \u0130kinci \u00c7a\u011fr\u0131: 19.10.2020 \u00d6zet G\u00f6nderim Son Tarihi: 16.03.2021\u00a0 Uluslararas\u0131 Kitap B\u00f6l\u00fcm\u00fc i\u00e7in Tam Metin G\u00f6nderim Son Tarihi: 16.03.2021 Program\u0131n \u0130lan Tarihi: Duyurulacakt\u0131r. *Tam metni 16 Mart\u2019a kadar y\u00fckleyenler May\u0131s ay\u0131ndaki kitapta bas\u0131lacakt\u0131r. 16 Mart\u2019tan sonra y\u00fckleyenler Eyl\u00fcl ay\u0131ndaki kitapta bas\u0131lacakt\u0131r.<\/p>\n","protected":false},"author":1,"featured_media":0,"parent":0,"menu_order":0,"comment_status":"closed","ping_status":"closed","template":"","meta":[],"_links":{"self":[{"href":"https:\/\/sisli.edu.tr\/uisbk2021\/wp-json\/wp\/v2\/pages\/31"}],"collection":[{"href":"https:\/\/sisli.edu.tr\/uisbk2021\/wp-json\/wp\/v2\/pages"}],"about":[{"href":"https:\/\/sisli.edu.tr\/uisbk2021\/wp-json\/wp\/v2\/types\/page"}],"author":[{"embeddable":true,"href":"https:\/\/sisli.edu.tr\/uisbk2021\/wp-json\/wp\/v2\/users\/1"}],"replies":[{"embeddable":true,"href":"https:\/\/sisli.edu.tr\/uisbk2021\/wp-json\/wp\/v2\/comments?post=31"}],"version-history":[{"count":38,"href":"https:\/\/sisli.edu.tr\/uisbk2021\/wp-json\/wp\/v2\/pages\/31\/revisions"}],"predecessor-version":[{"id":641,"href":"https:\/\/sisli.edu.tr\/uisbk2021\/wp-json\/wp\/v2\/pages\/31\/revisions\/641"}],"wp:attachment":[{"href":"https:\/\/sisli.edu.tr\/uisbk2021\/wp-json\/wp\/v2\/media?parent=31"}],"curies":[{"name":"wp","href":"https:\/\/api.w.org\/{rel}","templated":true}]}}