{"id":36,"date":"2019-02-25T12:46:09","date_gmt":"2019-02-25T12:46:09","guid":{"rendered":"http:\/\/sisli.edu.tr\/uisbk2021\/?page_id=36"},"modified":"2021-05-26T10:15:23","modified_gmt":"2021-05-26T10:15:23","slug":"program","status":"publish","type":"page","link":"https:\/\/sisli.edu.tr\/uisbk2021\/program\/","title":{"rendered":"Kongre Program\u0131"},"content":{"rendered":"<h2>Kat\u0131l\u0131m bilgileri ve kongre program\u0131n\u0131 g\u00f6rmek i\u00e7in<span style=\"color: #ff0000;\">\u00a0<a style=\"color: #ff0000;\" href=\"http:\/\/sisli.edu.tr\/uisbk2021\/online-katilim-bilgileri\/\">t\u0131klay\u0131n\u0131z.<\/a><\/span><\/h2>\n","protected":false},"excerpt":{"rendered":"<p>Kat\u0131l\u0131m bilgileri ve kongre program\u0131n\u0131 g\u00f6rmek i\u00e7in\u00a0t\u0131klay\u0131n\u0131z.<\/p>\n","protected":false},"author":1,"featured_media":0,"parent":0,"menu_order":0,"comment_status":"closed","ping_status":"closed","template":"","meta":[],"_links":{"self":[{"href":"https:\/\/sisli.edu.tr\/uisbk2021\/wp-json\/wp\/v2\/pages\/36"}],"collection":[{"href":"https:\/\/sisli.edu.tr\/uisbk2021\/wp-json\/wp\/v2\/pages"}],"about":[{"href":"https:\/\/sisli.edu.tr\/uisbk2021\/wp-json\/wp\/v2\/types\/page"}],"author":[{"embeddable":true,"href":"https:\/\/sisli.edu.tr\/uisbk2021\/wp-json\/wp\/v2\/users\/1"}],"replies":[{"embeddable":true,"href":"https:\/\/sisli.edu.tr\/uisbk2021\/wp-json\/wp\/v2\/comments?post=36"}],"version-history":[{"count":13,"href":"https:\/\/sisli.edu.tr\/uisbk2021\/wp-json\/wp\/v2\/pages\/36\/revisions"}],"predecessor-version":[{"id":750,"href":"https:\/\/sisli.edu.tr\/uisbk2021\/wp-json\/wp\/v2\/pages\/36\/revisions\/750"}],"wp:attachment":[{"href":"https:\/\/sisli.edu.tr\/uisbk2021\/wp-json\/wp\/v2\/media?parent=36"}],"curies":[{"name":"wp","href":"https:\/\/api.w.org\/{rel}","templated":true}]}}