{"id":38,"date":"2019-02-25T12:46:24","date_gmt":"2019-02-25T12:46:24","guid":{"rendered":"http:\/\/sisli.edu.tr\/uisbk2021\/?page_id=38"},"modified":"2020-10-22T07:49:23","modified_gmt":"2020-10-22T07:49:23","slug":"iletisim-ulasim","status":"publish","type":"page","link":"https:\/\/sisli.edu.tr\/uisbk2021\/iletisim-ulasim\/","title":{"rendered":"\u0130leti\u015fim\/Ula\u015f\u0131m"},"content":{"rendered":"\r\n<figure class=\"wp-block-image\"><img loading=\"lazy\" width=\"1000\" height=\"571\" class=\"wp-image-91\" src=\"\/\/www.sisli.edu.tr\/uisbk2021\/wp-content\/uploads\/2019\/03\/\u015fi\u015fli.jpg\" alt=\"\" srcset=\"https:\/\/sisli.edu.tr\/uisbk2021\/wp-content\/uploads\/2019\/03\/\u015fi\u015fli.jpg 1000w, https:\/\/sisli.edu.tr\/uisbk2021\/wp-content\/uploads\/2019\/03\/\u015fi\u015fli-300x171.jpg 300w, https:\/\/sisli.edu.tr\/uisbk2021\/wp-content\/uploads\/2019\/03\/\u015fi\u015fli-768x439.jpg 768w\" sizes=\"(max-width: 1000px) 100vw, 1000px\" \/><\/figure>\r\n\r\n\r\n\r\n<p><strong>T.C. \u0130STANBUL \u015e\u0130\u015eL\u0130 MESLEK Y\u00dcKSEKOKULU Maslak Yerle\u015fkesi<\/strong><br \/>Maslak Mh. Atat\u00fcrk Otosanayi Sitesi 55. Sk. No:2\u00a0<strong>Maslak \/ \u0130STANBUL<\/strong><br \/><em>Do\u011fu\u015f Center arkas\u0131, 42 Al\u0131\u015fveri\u015f Merkezi&#8217;nin yan\u0131<\/em><br \/>T:444 78 68<br \/>F:+90 212 250 95 53<br \/>M: uisbk@sisli.edu.tr\u00a0<\/p>\r\n\r\n\r\n\n<iframe src=\"https:\/\/www.google.com\/maps\/embed?pb=!1m18!1m12!1m3!1d1032.4874571183254!2d29.019526416550196!3d41.115152650711515!2m3!1f0!2f0!3f0!3m2!1i1024!2i768!4f13.1!3m3!1m2!1s0x14cab5be50a924a5%3A0x8f2ab0b30a299e4e!2zxZ5pxZ9saSBNWU8gTWFzbGFr!5e0!3m2!1str!2sus!4v1552039764763\" width=\"900\" height=\"350\" frameborder=\"0\" style=\"border:0\" allowfullscreen><\/iframe>\n\r\n<p><iframe style=\"border: 0;\" src=\"https:\/\/www.google.com\/maps\/embed?pb=!1m18!1m12!1m3!1d3005.942120543133!2d29.01761331478716!3d41.11395512086513!2m3!1f0!2f0!3f0!3m2!1i1024!2i768!4f13.1!3m3!1m2!1s0x14cab52f5a7cde43%3A0xfac41bc42b1b58d8!2zxZ5pxZ9saSBNZXNsZWsgWcO8a3Nla29rdWx1IE1hc2xhayBCaW5hc8Sx!5e0!3m2!1str!2str!4v1583510350977!5m2!1str!2str\" width=\"600\" height=\"450\" frameborder=\"0\" allowfullscreen=\"allowfullscreen\"><\/iframe><\/p>","protected":false},"excerpt":{"rendered":"<p>T.C. \u0130STANBUL \u015e\u0130\u015eL\u0130 MESLEK Y\u00dcKSEKOKULU Maslak Yerle\u015fkesiMaslak Mh. Atat\u00fcrk Otosanayi Sitesi 55. Sk. No:2\u00a0Maslak \/ \u0130STANBULDo\u011fu\u015f Center arkas\u0131, 42 Al\u0131\u015fveri\u015f Merkezi&#8217;nin yan\u0131T:444 78 68F:+90 212 250 95 53M: uisbk@sisli.edu.tr\u00a0<\/p>\n","protected":false},"author":1,"featured_media":0,"parent":0,"menu_order":0,"comment_status":"closed","ping_status":"closed","template":"","meta":[],"_links":{"self":[{"href":"https:\/\/sisli.edu.tr\/uisbk2021\/wp-json\/wp\/v2\/pages\/38"}],"collection":[{"href":"https:\/\/sisli.edu.tr\/uisbk2021\/wp-json\/wp\/v2\/pages"}],"about":[{"href":"https:\/\/sisli.edu.tr\/uisbk2021\/wp-json\/wp\/v2\/types\/page"}],"author":[{"embeddable":true,"href":"https:\/\/sisli.edu.tr\/uisbk2021\/wp-json\/wp\/v2\/users\/1"}],"replies":[{"embeddable":true,"href":"https:\/\/sisli.edu.tr\/uisbk2021\/wp-json\/wp\/v2\/comments?post=38"}],"version-history":[{"count":9,"href":"https:\/\/sisli.edu.tr\/uisbk2021\/wp-json\/wp\/v2\/pages\/38\/revisions"}],"predecessor-version":[{"id":514,"href":"https:\/\/sisli.edu.tr\/uisbk2021\/wp-json\/wp\/v2\/pages\/38\/revisions\/514"}],"wp:attachment":[{"href":"https:\/\/sisli.edu.tr\/uisbk2021\/wp-json\/wp\/v2\/media?parent=38"}],"curies":[{"name":"wp","href":"https:\/\/api.w.org\/{rel}","templated":true}]}}