{"id":5,"date":"2019-02-25T12:39:05","date_gmt":"2019-02-25T12:39:05","guid":{"rendered":"http:\/\/sisli.edu.tr\/uisbk2021\/?page_id=5"},"modified":"2021-06-14T11:07:15","modified_gmt":"2021-06-14T11:07:15","slug":"anasayfa","status":"publish","type":"page","link":"https:\/\/sisli.edu.tr\/uisbk2021\/","title":{"rendered":"Anasayfa"},"content":{"rendered":"\r\n\n<div id=\"rev_slider_1_1_wrapper\" class=\"rev_slider_wrapper fullwidthbanner-container\" data-source=\"gallery\" style=\"margin:0px auto;background-color:transparent;padding:0px;margin-top:0px;margin-bottom:0px;\">\n<!-- START REVOLUTION SLIDER 5.3.0.2 auto mode -->\n\t<div id=\"rev_slider_1_1\" class=\"rev_slider fullwidthabanner\" style=\"display:none;\" data-version=\"5.3.0.2\">\n<ul>\t<!-- SLIDE  -->\n\t<li data-index=\"rs-5\" data-transition=\"fade\" data-slotamount=\"default\" data-hideafterloop=\"0\" data-hideslideonmobile=\"off\"  data-easein=\"default\" data-easeout=\"default\" data-masterspeed=\"default\"  data-thumb=\"https:\/\/sisli.edu.tr\/uisbk2021\/wp-content\/uploads\/2021\/05\/issc2-keynotespeakers-all1000x350-scaled-100x50.jpg\"  data-rotate=\"0\"  data-saveperformance=\"off\"  data-title=\"Slide\" data-param1=\"\" data-param2=\"\" data-param3=\"\" data-param4=\"\" data-param5=\"\" data-param6=\"\" data-param7=\"\" data-param8=\"\" data-param9=\"\" data-param10=\"\" data-description=\"\">\n\t\t<!-- MAIN IMAGE -->\n\t\t<img src=\"https:\/\/sisli.edu.tr\/uisbk2021\/wp-content\/uploads\/2021\/05\/issc2-keynotespeakers-all1000x350-scaled.jpg\"  alt=\"\" title=\"issc2-keynotespeakers-all1000x350\"  width=\"2560\" height=\"896\" data-bgposition=\"center center\" data-bgfit=\"contain\" data-bgrepeat=\"no-repeat\" class=\"rev-slidebg\" data-no-retina>\n\t\t<!-- LAYERS -->\n\t<\/li>\n<\/ul>\n<script>var htmlDiv = document.getElementById(\"rs-plugin-settings-inline-css\"); var htmlDivCss=\"\";\r\n\t\t\t\t\t\tif(htmlDiv) {\r\n\t\t\t\t\t\t\thtmlDiv.innerHTML = htmlDiv.innerHTML + htmlDivCss;\r\n\t\t\t\t\t\t}else{\r\n\t\t\t\t\t\t\tvar htmlDiv = document.createElement(\"div\");\r\n\t\t\t\t\t\t\thtmlDiv.innerHTML = \"<style>\" + htmlDivCss + \"<\/style>\";\r\n\t\t\t\t\t\t\tdocument.getElementsByTagName(\"head\")[0].appendChild(htmlDiv.childNodes[0]);\r\n\t\t\t\t\t\t}\r\n\t\t\t\t\t<\/script>\n<div class=\"tp-bannertimer tp-bottom\" style=\"visibility: hidden !important;\"><\/div>\t<\/div>\n<script>var htmlDiv = document.getElementById(\"rs-plugin-settings-inline-css\"); var htmlDivCss=\"\";\r\n\t\t\t\tif(htmlDiv) {\r\n\t\t\t\t\thtmlDiv.innerHTML = htmlDiv.innerHTML + htmlDivCss;\r\n\t\t\t\t}else{\r\n\t\t\t\t\tvar htmlDiv = document.createElement(\"div\");\r\n\t\t\t\t\thtmlDiv.innerHTML = \"<style>\" + htmlDivCss + \"<\/style>\";\r\n\t\t\t\t\tdocument.getElementsByTagName(\"head\")[0].appendChild(htmlDiv.childNodes[0]);\r\n\t\t\t\t}\r\n\t\t\t<\/script>\n\t\t<script type=\"text\/javascript\">\r\n\t\t\t\t\t\t\/******************************************\r\n\t\t\t\t-\tPREPARE PLACEHOLDER FOR SLIDER\t-\r\n\t\t\t******************************************\/\r\n\r\n\t\t\tvar setREVStartSize=function(){\r\n\t\t\t\ttry{var e=new Object,i=jQuery(window).width(),t=9999,r=0,n=0,l=0,f=0,s=0,h=0;\r\n\t\t\t\t\te.c = jQuery('#rev_slider_1_1');\r\n\t\t\t\t\te.gridwidth = [1100];\r\n\t\t\t\t\te.gridheight = [400];\r\n\t\t\t\t\t\t\t\r\n\t\t\t\t\te.sliderLayout = \"auto\";\r\n\t\t\t\t\tif(e.responsiveLevels&&(jQuery.each(e.responsiveLevels,function(e,f){f>i&&(t=r=f,l=e),i>f&&f>r&&(r=f,n=e)}),t>r&&(l=n)),f=e.gridheight[l]||e.gridheight[0]||e.gridheight,s=e.gridwidth[l]||e.gridwidth[0]||e.gridwidth,h=i\/s,h=h>1?1:h,f=Math.round(h*f),\"fullscreen\"==e.sliderLayout){var u=(e.c.width(),jQuery(window).height());if(void 0!=e.fullScreenOffsetContainer){var c=e.fullScreenOffsetContainer.split(\",\");if (c) jQuery.each(c,function(e,i){u=jQuery(i).length>0?u-jQuery(i).outerHeight(!0):u}),e.fullScreenOffset.split(\"%\").length>1&&void 0!=e.fullScreenOffset&&e.fullScreenOffset.length>0?u-=jQuery(window).height()*parseInt(e.fullScreenOffset,0)\/100:void 0!=e.fullScreenOffset&&e.fullScreenOffset.length>0&&(u-=parseInt(e.fullScreenOffset,0))}f=u}else void 0!=e.minHeight&&f<e.minHeight&&(f=e.minHeight);e.c.closest(\".rev_slider_wrapper\").css({height:f})\r\n\t\t\t\t\t\r\n\t\t\t\t}catch(d){console.log(\"Failure at Presize of Slider:\"+d)}\r\n\t\t\t};\r\n\t\t\t\r\n\t\t\tsetREVStartSize();\r\n\t\t\t\r\n\t\t\t\t\t\tvar tpj=jQuery;\r\n\t\t\t\r\n\t\t\tvar revapi1;\r\n\t\t\ttpj(document).ready(function() {\n\t\t\t\tif(tpj(\"#rev_slider_1_1\").revolution == undefined){\n\t\t\t\t\trevslider_showDoubleJqueryError(\"#rev_slider_1_1\");\n\t\t\t\t}else{\n\t\t\t\t\trevapi1 = tpj(\"#rev_slider_1_1\").show().revolution({\n\t\t\t\t\t\tsliderType:\"standard\",\njsFileLocation:\"\/\/sisli.edu.tr\/uisbk2021\/wp-content\/plugins\/revslider\/public\/assets\/js\/\",\n\t\t\t\t\t\tsliderLayout:\"auto\",\n\t\t\t\t\t\tdottedOverlay:\"none\",\n\t\t\t\t\t\tdelay:9000,\n\t\t\t\t\t\tnavigation: {\n\t\t\t\t\t\t\tkeyboardNavigation:\"off\",\n\t\t\t\t\t\t\tkeyboard_direction: \"horizontal\",\n\t\t\t\t\t\t\tmouseScrollNavigation:\"off\",\n \t\t\t\t\t\t\tmouseScrollReverse:\"default\",\n\t\t\t\t\t\t\tonHoverStop:\"off\",\n\t\t\t\t\t\t\tarrows: {\n\t\t\t\t\t\t\t\tstyle:\"hesperiden\",\n\t\t\t\t\t\t\t\tenable:true,\n\t\t\t\t\t\t\t\thide_onmobile:false,\n\t\t\t\t\t\t\t\thide_onleave:false,\n\t\t\t\t\t\t\t\ttmp:'',\n\t\t\t\t\t\t\t\tleft: {\n\t\t\t\t\t\t\t\t\th_align:\"left\",\n\t\t\t\t\t\t\t\t\tv_align:\"center\",\n\t\t\t\t\t\t\t\t\th_offset:20,\n\t\t\t\t\t\t\t\t\tv_offset:0\n\t\t\t\t\t\t\t\t},\n\t\t\t\t\t\t\t\tright: {\n\t\t\t\t\t\t\t\t\th_align:\"right\",\n\t\t\t\t\t\t\t\t\tv_align:\"center\",\n\t\t\t\t\t\t\t\t\th_offset:20,\n\t\t\t\t\t\t\t\t\tv_offset:0\n\t\t\t\t\t\t\t\t}\n\t\t\t\t\t\t\t}\n\t\t\t\t\t\t},\n\t\t\t\t\t\tvisibilityLevels:[1240,1024,778,480],\n\t\t\t\t\t\tgridwidth:1100,\n\t\t\t\t\t\tgridheight:400,\n\t\t\t\t\t\tlazyType:\"none\",\n\t\t\t\t\t\tshadow:0,\n\t\t\t\t\t\tspinner:\"spinner0\",\n\t\t\t\t\t\tstopLoop:\"off\",\n\t\t\t\t\t\tstopAfterLoops:-1,\n\t\t\t\t\t\tstopAtSlide:-1,\n\t\t\t\t\t\tshuffle:\"off\",\n\t\t\t\t\t\tautoHeight:\"off\",\n\t\t\t\t\t\tdisableProgressBar:\"on\",\n\t\t\t\t\t\thideThumbsOnMobile:\"off\",\n\t\t\t\t\t\thideSliderAtLimit:0,\n\t\t\t\t\t\thideCaptionAtLimit:0,\n\t\t\t\t\t\thideAllCaptionAtLilmit:0,\n\t\t\t\t\t\tdebugMode:false,\n\t\t\t\t\t\tfallbacks: {\n\t\t\t\t\t\t\tsimplifyAll:\"off\",\n\t\t\t\t\t\t\tnextSlideOnWindowFocus:\"off\",\n\t\t\t\t\t\t\tdisableFocusListener:false,\n\t\t\t\t\t\t}\n\t\t\t\t\t});\n\t\t\t\t}\n\t\t\t});\t\/*ready*\/\n\t\t<\/script>\r\n\t\t<script>\r\n\t\t\t\t\tvar htmlDivCss = unescape(\".hesperiden.tparrows%20%7B%0A%09cursor%3Apointer%3B%0A%09background%3Argba%280%2C0%2C0%2C0.5%29%3B%0A%09width%3A40px%3B%0A%09height%3A40px%3B%0A%09position%3Aabsolute%3B%0A%09display%3Ablock%3B%0A%09z-index%3A100%3B%0A%20%20%20%20border-radius%3A%2050%25%3B%0A%7D%0A.hesperiden.tparrows%3Ahover%20%7B%0A%09background%3Argba%280%2C%200%2C%200%2C%201%29%3B%0A%7D%0A.hesperiden.tparrows%3Abefore%20%7B%0A%09font-family%3A%20%22revicons%22%3B%0A%09font-size%3A20px%3B%0A%09color%3Argb%28255%2C%20255%2C%20255%29%3B%0A%09display%3Ablock%3B%0A%09line-height%3A%2040px%3B%0A%09text-align%3A%20center%3B%0A%7D%0A.hesperiden.tparrows.tp-leftarrow%3Abefore%20%7B%0A%09content%3A%20%22%5Ce82c%22%3B%0A%20%20%20%20margin-left%3A-3px%3B%0A%7D%0A.hesperiden.tparrows.tp-rightarrow%3Abefore%20%7B%0A%09content%3A%20%22%5Ce82d%22%3B%0A%20%20%20%20margin-right%3A-3px%3B%0A%7D%0A\");\r\n\t\t\t\t\tvar htmlDiv = document.getElementById('rs-plugin-settings-inline-css');\r\n\t\t\t\t\tif(htmlDiv) {\r\n\t\t\t\t\t\thtmlDiv.innerHTML = htmlDiv.innerHTML + htmlDivCss;\r\n\t\t\t\t\t}\r\n\t\t\t\t\telse{\r\n\t\t\t\t\t\tvar htmlDiv = document.createElement('div');\r\n\t\t\t\t\t\thtmlDiv.innerHTML = '<style>' + htmlDivCss + '<\/style>';\r\n\t\t\t\t\t\tdocument.getElementsByTagName('head')[0].appendChild(htmlDiv.childNodes[0]);\r\n\t\t\t\t\t}\r\n\t\t\t\t  <\/script>\r\n\t\t\t\t<\/div><!-- END REVOLUTION SLIDER -->\r\n<h2>Kat\u0131l\u0131m bilgileri ve kongre program\u0131n\u0131 g\u00f6rmek i\u00e7in <span style=\"color: #ff0000;\"><a style=\"color: #ff0000;\" href=\"http:\/\/sisli.edu.tr\/uisbk2021\/online-katilim-bilgileri\/\">t\u0131klay\u0131n\u0131z.<\/a><\/span><\/h2>\r\n<h2>Kongre \u00f6zet kitab\u0131n\u0131 g\u00f6rmek i\u00e7in <span style=\"color: #ff0000;\"><a style=\"color: #ff0000;\" href=\"http:\/\/sisli.edu.tr\/uisbk2021\/wp-content\/uploads\/2021\/05\/2nd-issc-abstractsbook-1.pdf\">t\u0131klay\u0131n\u0131z.<\/a><\/span><\/h2>\r\n<h2>Kongre sunumlar\u0131n\u0131 g\u00f6rmek i\u00e7in <span style=\"color: #ff0000;\"><a style=\"color: #ff0000;\" href=\"http:\/\/sisli.edu.tr\/uisbk2021\/kongre-kayitlari\/\">t\u0131klay\u0131n\u0131z.<\/a><\/span><\/h2>\r\n<h2>\u00a0<\/h2>\r\n<p><iframe src=\"https:\/\/www.youtube.com\/embed\/vKo1iWDKnis\" width=\"560\" height=\"315\" frameborder=\"0\" allowfullscreen=\"allowfullscreen\"><\/iframe><\/p>\r\n<p>&nbsp;<\/p>\r\n<p><img loading=\"lazy\" class=\"alignnone wp-image-630\" src=\"http:\/\/sisli.edu.tr\/uisbk2021\/wp-content\/uploads\/2021\/02\/slider2.jpg\" alt=\"\" width=\"853\" height=\"355\" srcset=\"https:\/\/sisli.edu.tr\/uisbk2021\/wp-content\/uploads\/2021\/02\/slider2.jpg 1000w, https:\/\/sisli.edu.tr\/uisbk2021\/wp-content\/uploads\/2021\/02\/slider2-300x125.jpg 300w, https:\/\/sisli.edu.tr\/uisbk2021\/wp-content\/uploads\/2021\/02\/slider2-768x319.jpg 768w, https:\/\/sisli.edu.tr\/uisbk2021\/wp-content\/uploads\/2021\/02\/slider2-255x106.jpg 255w\" sizes=\"(max-width: 853px) 100vw, 853px\" \/><\/p>\r\n<p><a href=\"http:\/\/sisli.edu.tr\/uisbk2021\/2019\/tr\/wp-content\/uploads\/2019\/09\/issc-abstractsbook.pdf\">1.Uluslarararas\u0131 Sisli Bilim Kongresi taraf\u0131ndan kabul edilmi\u015f ve yay\u0131nlanm\u0131\u015f kitap b\u00f6l\u00fcmleri ve makaleler i\u00e7in a\u015fa\u011f\u0131daki t\u0131klay\u0131n\u0131z.<\/a><\/p>\r\n<p>&nbsp;<\/p>\r\n<h3><strong>KONGRE DAVET\u0130<\/strong><\/h3>\r\n<h3><strong>\u00a027-28 May\u0131s 2021<\/strong><\/h3>\r\n<p>Bilimsel bilginin ve payla\u015f\u0131m\u0131n \u00f6neminden hareketle, bilim d\u00fcnyas\u0131 ve akademik \u00e7al\u0131\u015fmalar i\u00e7in yeni bir platform olu\u015fturmak amac\u0131yla d\u00fczenledi\u011fimiz Uluslararas\u0131 \u015ei\u015fli Bilim Kongresi\u2019nin ikincisi 27-28 May\u0131s 2021 tarihlerinde online olarak ger\u00e7ekle\u015fecek. Bu y\u0131l &#8220;<a href=\"https:\/\/www.uni-ruse.bg\/en\">UNIVERSITY OF RUSE \u201cANGEL KANCHEV<\/a>\u201d- Bulgaristan i\u015f birli\u011fi ile d\u00fczenleyece\u011fimiz kongremiz, uluslararas\u0131 akademik i\u015f birliklerimizin g\u00fc\u00e7lenmesine de katk\u0131 sa\u011flayacak.<\/p>\r\n<p>2.Uluslararas\u0131 \u015ei\u015fli Bilim Kongresi, Sa\u011fl\u0131k Bilimleri, Fen Bilimleri ve Sosyal Bilimler alanlar\u0131nda \u00e7al\u0131\u015fmalar yapan bilim insanlar\u0131, akademisyenler ve ara\u015ft\u0131rmac\u0131lar\u0131n yan\u0131 s\u0131ra sekt\u00f6r temsilcileri, uzmanlar ve \u00f6\u011frencilerin kat\u0131l\u0131m\u0131na da a\u00e7\u0131k olacak.\u00a0<\/p>\r\n<p>2.Uluslararas\u0131 \u015ei\u015fli Bilim Kongresi\u2019nde Bilim Kurulu taraf\u0131ndan kabul edilen bildirilerin tam metinleri uluslararas\u0131 yay\u0131nevi olan GECE K\u0130TAPLI\u011eI YAYINEV\u0130 (Akademik Te\u015fvik ve Do\u00e7entlik ba\u015fvurular\u0131nda Uluslararas\u0131 Yay\u0131nevi olarak kabul edilmektedir) taraf\u0131ndan kitap b\u00f6l\u00fcm\u00fc olarak yay\u0131mlanacak. Bildiri \u00f6zetleri ise \u015ei\u015fli Meslek Y\u00fcksekokulu taraf\u0131ndan yay\u0131mlanan bildiri \u00f6zet kitap\u00e7\u0131\u011f\u0131nda yer alacak.<\/p>\r\n<p>Bu y\u0131l online olarak ger\u00e7ekle\u015ftirece\u011fimiz 2. Uluslararas\u0131 \u015ei\u015fli Bilim Kongresine kat\u0131larak bilimsel \u00e7al\u0131\u015fmalar\u0131n\u0131z\u0131 payla\u015fman\u0131z bizleri onurland\u0131racakt\u0131r.<\/p>\r\n<p style=\"text-align: right;\"><strong>D\u00dcZENLEME KURULU<\/strong><\/p>\r\n<p><a href=\"http:\/\/sisli.edu.tr\/uisbk2021\/wp-content\/uploads\/2021\/02\/acd8d469-2d15-445a-ab38-25d1cdc14a4d.jpg\"><img loading=\"lazy\" class=\"alignnone wp-image-644 size-full\" src=\"http:\/\/sisli.edu.tr\/uisbk2021\/wp-content\/uploads\/2021\/02\/acd8d469-2d15-445a-ab38-25d1cdc14a4d.jpg\" alt=\"\" width=\"1131\" height=\"1600\" srcset=\"https:\/\/sisli.edu.tr\/uisbk2021\/wp-content\/uploads\/2021\/02\/acd8d469-2d15-445a-ab38-25d1cdc14a4d.jpg 1131w, https:\/\/sisli.edu.tr\/uisbk2021\/wp-content\/uploads\/2021\/02\/acd8d469-2d15-445a-ab38-25d1cdc14a4d-212x300.jpg 212w, https:\/\/sisli.edu.tr\/uisbk2021\/wp-content\/uploads\/2021\/02\/acd8d469-2d15-445a-ab38-25d1cdc14a4d-724x1024.jpg 724w, https:\/\/sisli.edu.tr\/uisbk2021\/wp-content\/uploads\/2021\/02\/acd8d469-2d15-445a-ab38-25d1cdc14a4d-768x1086.jpg 768w, https:\/\/sisli.edu.tr\/uisbk2021\/wp-content\/uploads\/2021\/02\/acd8d469-2d15-445a-ab38-25d1cdc14a4d-1086x1536.jpg 1086w, https:\/\/sisli.edu.tr\/uisbk2021\/wp-content\/uploads\/2021\/02\/acd8d469-2d15-445a-ab38-25d1cdc14a4d-255x361.jpg 255w\" sizes=\"(max-width: 1131px) 100vw, 1131px\" \/><\/a><\/p>\r\n<p>&nbsp;<\/p>\r\n<p>&nbsp;<\/p>\r\n<p>&nbsp;<\/p>\r\n<p>\r\n\r\n<\/p>\r\n<figure><\/figure>\r\n<p><\/p>","protected":false},"excerpt":{"rendered":"<p>Kat\u0131l\u0131m bilgileri ve kongre program\u0131n\u0131 g\u00f6rmek i\u00e7in t\u0131klay\u0131n\u0131z. Kongre \u00f6zet kitab\u0131n\u0131 g\u00f6rmek i\u00e7in t\u0131klay\u0131n\u0131z. Kongre sunumlar\u0131n\u0131 g\u00f6rmek i\u00e7in t\u0131klay\u0131n\u0131z. \u00a0 &nbsp; 1.Uluslarararas\u0131 Sisli Bilim Kongresi taraf\u0131ndan kabul edilmi\u015f ve yay\u0131nlanm\u0131\u015f kitap b\u00f6l\u00fcmleri ve makaleler i\u00e7in a\u015fa\u011f\u0131daki t\u0131klay\u0131n\u0131z. &nbsp; KONGRE DAVET\u0130 \u00a027-28 May\u0131s 2021 Bilimsel bilginin ve payla\u015f\u0131m\u0131n \u00f6neminden hareketle, bilim d\u00fcnyas\u0131 ve akademik \u00e7al\u0131\u015fmalar i\u00e7in [&hellip;]<\/p>\n","protected":false},"author":1,"featured_media":0,"parent":0,"menu_order":0,"comment_status":"closed","ping_status":"closed","template":"","meta":[],"_links":{"self":[{"href":"https:\/\/sisli.edu.tr\/uisbk2021\/wp-json\/wp\/v2\/pages\/5"}],"collection":[{"href":"https:\/\/sisli.edu.tr\/uisbk2021\/wp-json\/wp\/v2\/pages"}],"about":[{"href":"https:\/\/sisli.edu.tr\/uisbk2021\/wp-json\/wp\/v2\/types\/page"}],"author":[{"embeddable":true,"href":"https:\/\/sisli.edu.tr\/uisbk2021\/wp-json\/wp\/v2\/users\/1"}],"replies":[{"embeddable":true,"href":"https:\/\/sisli.edu.tr\/uisbk2021\/wp-json\/wp\/v2\/comments?post=5"}],"version-history":[{"count":65,"href":"https:\/\/sisli.edu.tr\/uisbk2021\/wp-json\/wp\/v2\/pages\/5\/revisions"}],"predecessor-version":[{"id":777,"href":"https:\/\/sisli.edu.tr\/uisbk2021\/wp-json\/wp\/v2\/pages\/5\/revisions\/777"}],"wp:attachment":[{"href":"https:\/\/sisli.edu.tr\/uisbk2021\/wp-json\/wp\/v2\/media?parent=5"}],"curies":[{"name":"wp","href":"https:\/\/api.w.org\/{rel}","templated":true}]}}