{"id":516,"date":"2020-03-06T16:12:10","date_gmt":"2020-03-06T16:12:10","guid":{"rendered":"http:\/\/sisli.edu.tr\/uisbk2021\/?page_id=516"},"modified":"2020-03-12T09:10:59","modified_gmt":"2020-03-12T09:10:59","slug":"ozet-sablonu","status":"publish","type":"page","link":"https:\/\/sisli.edu.tr\/uisbk2021\/ozet-sablonu\/","title":{"rendered":"\u00d6zet \u015eablonu"},"content":{"rendered":"<p><a href=\"http:\/\/sisli.edu.tr\/uisbk2021\/wp-content\/uploads\/2020\/03\/Bildiri_Ozet_Sablonu-1-1.docx\">Bildiri \u00d6zet \u015eablonu i\u00e7in t\u0131klay\u0131n\u0131z.<\/a><\/p>\n","protected":false},"excerpt":{"rendered":"<p>Bildiri \u00d6zet \u015eablonu i\u00e7in t\u0131klay\u0131n\u0131z.<\/p>\n","protected":false},"author":3,"featured_media":0,"parent":0,"menu_order":0,"comment_status":"closed","ping_status":"closed","template":"","meta":[],"_links":{"self":[{"href":"https:\/\/sisli.edu.tr\/uisbk2021\/wp-json\/wp\/v2\/pages\/516"}],"collection":[{"href":"https:\/\/sisli.edu.tr\/uisbk2021\/wp-json\/wp\/v2\/pages"}],"about":[{"href":"https:\/\/sisli.edu.tr\/uisbk2021\/wp-json\/wp\/v2\/types\/page"}],"author":[{"embeddable":true,"href":"https:\/\/sisli.edu.tr\/uisbk2021\/wp-json\/wp\/v2\/users\/3"}],"replies":[{"embeddable":true,"href":"https:\/\/sisli.edu.tr\/uisbk2021\/wp-json\/wp\/v2\/comments?post=516"}],"version-history":[{"count":7,"href":"https:\/\/sisli.edu.tr\/uisbk2021\/wp-json\/wp\/v2\/pages\/516\/revisions"}],"predecessor-version":[{"id":646,"href":"https:\/\/sisli.edu.tr\/uisbk2021\/wp-json\/wp\/v2\/pages\/516\/revisions\/646"}],"wp:attachment":[{"href":"https:\/\/sisli.edu.tr\/uisbk2021\/wp-json\/wp\/v2\/media?parent=516"}],"curies":[{"name":"wp","href":"https:\/\/api.w.org\/{rel}","templated":true}]}}