{"id":7,"date":"2019-02-25T12:40:21","date_gmt":"2019-02-25T12:40:21","guid":{"rendered":"http:\/\/sisli.edu.tr\/uisbk2021\/?page_id=7"},"modified":"2020-01-16T08:45:13","modified_gmt":"2020-01-16T08:45:13","slug":"hakkinda","status":"publish","type":"page","link":"https:\/\/sisli.edu.tr\/uisbk2021\/hakkinda\/","title":{"rendered":"Hakk\u0131nda"},"content":{"rendered":"\r\n<p>&nbsp;<\/p>\r\n\r\n\r\n\r\n<p style=\"text-align: justify;\">\u0130stanbul \u015ei\u015fli Meslek Y\u00fcksekokulu, \u00fclkemizin gelece\u011fi olan gen\u00e7lere; ulusal ve uluslararas\u0131 d\u00fczeyde e\u011fitim verme, \u00e7a\u011f\u0131n gerektirdi\u011fi bilgiye ve donan\u0131ma sahip nitelikli meslek elemanlar\u0131 yeti\u015ftirme misyonu ile \u015ei\u015fli Vakf\u0131 taraf\u0131ndan 2012 y\u0131l\u0131nda kurulmu\u015ftur. Bakanlar Kurulu\u2019nun 2012\/3165 say\u0131l\u0131 karar\u0131 ile kurulan \u0130stanbul \u015ei\u015fli Meslek Y\u00fcksekokulu, g\u00fc\u00e7l\u00fc akademik ve idari kadro ile\u00a03 bin 600 \u00f6\u011frenciye y\u00fcksek e\u011fitim ve \u00f6\u011fretim olana\u011f\u0131 sunmaktad\u0131r.\u00dclke ekonomisinin ve sekt\u00f6r\u00fcn ihtiyac\u0131 do\u011frultusunda program say\u0131s\u0131n\u0131 artt\u0131rarak h\u0131zla b\u00fcy\u00fcyen\u00a0\u0130stanbul \u015ei\u015fli Meslek Y\u00fcksekokulu,\u00a040 bin metre kare alana sahip\u00a0Esentepe ve Maslak kamp\u00fcslerinde 29 programda \u00f6\u011frencilere e\u011fitim hizmeti vermektedir.<\/p>\r\n\r\n\r\n\r\n<p style=\"text-align: justify;\">\u0130stanbul \u015ei\u015fli Meslek Y\u00fcksekokulu, mesleki e\u011fitimin yan\u0131 s\u0131ra bilimsel \u00e7al\u0131\u015fmalar ve akademik ara\u015ft\u0131rmalar\u0131n \u00f6neminden hareketle 2015 y\u0131l\u0131ndan itibaren farkl\u0131 temalarla Ulusal \u015ei\u015fli Sempozyumlar\u0131 d\u00fczenlemi\u015ftir. 2019 y\u0131l\u0131nda sempozyumun kapsam\u0131n\u0131 geni\u015fletme ve uluslar aras\u0131 nitelik kazand\u0131rma amac\u0131yla 1. Uluslararas\u0131 \u015ei\u015fli Bilim Kongresini yapm\u0131\u015ft\u0131r. 2020 y\u0131l\u0131nda 2. \u015ei\u015fli Bilim Kongresinin\u00a0 yap\u0131lmas\u0131n\u0131 kararla\u015ft\u0131rm\u0131\u015ft\u0131r.<\/p>\r\n\r\n<p>&nbsp;<\/p>","protected":false},"excerpt":{"rendered":"<p>&nbsp; \u0130stanbul \u015ei\u015fli Meslek Y\u00fcksekokulu, \u00fclkemizin gelece\u011fi olan gen\u00e7lere; ulusal ve uluslararas\u0131 d\u00fczeyde e\u011fitim verme, \u00e7a\u011f\u0131n gerektirdi\u011fi bilgiye ve donan\u0131ma sahip nitelikli meslek elemanlar\u0131 yeti\u015ftirme misyonu ile \u015ei\u015fli Vakf\u0131 taraf\u0131ndan 2012 y\u0131l\u0131nda kurulmu\u015ftur. Bakanlar Kurulu\u2019nun 2012\/3165 say\u0131l\u0131 karar\u0131 ile kurulan \u0130stanbul \u015ei\u015fli Meslek Y\u00fcksekokulu, g\u00fc\u00e7l\u00fc akademik ve idari kadro ile\u00a03 bin 600 \u00f6\u011frenciye y\u00fcksek e\u011fitim [&hellip;]<\/p>\n","protected":false},"author":1,"featured_media":0,"parent":0,"menu_order":0,"comment_status":"closed","ping_status":"closed","template":"","meta":[],"_links":{"self":[{"href":"https:\/\/sisli.edu.tr\/uisbk2021\/wp-json\/wp\/v2\/pages\/7"}],"collection":[{"href":"https:\/\/sisli.edu.tr\/uisbk2021\/wp-json\/wp\/v2\/pages"}],"about":[{"href":"https:\/\/sisli.edu.tr\/uisbk2021\/wp-json\/wp\/v2\/types\/page"}],"author":[{"embeddable":true,"href":"https:\/\/sisli.edu.tr\/uisbk2021\/wp-json\/wp\/v2\/users\/1"}],"replies":[{"embeddable":true,"href":"https:\/\/sisli.edu.tr\/uisbk2021\/wp-json\/wp\/v2\/comments?post=7"}],"version-history":[{"count":13,"href":"https:\/\/sisli.edu.tr\/uisbk2021\/wp-json\/wp\/v2\/pages\/7\/revisions"}],"predecessor-version":[{"id":497,"href":"https:\/\/sisli.edu.tr\/uisbk2021\/wp-json\/wp\/v2\/pages\/7\/revisions\/497"}],"wp:attachment":[{"href":"https:\/\/sisli.edu.tr\/uisbk2021\/wp-json\/wp\/v2\/media?parent=7"}],"curies":[{"name":"wp","href":"https:\/\/api.w.org\/{rel}","templated":true}]}}