{"id":761,"date":"2021-06-14T06:58:17","date_gmt":"2021-06-14T06:58:17","guid":{"rendered":"http:\/\/sisli.edu.tr\/uisbk2021\/?page_id=761"},"modified":"2021-06-14T07:13:51","modified_gmt":"2021-06-14T07:13:51","slug":"kongre-kayitlari","status":"publish","type":"page","link":"https:\/\/sisli.edu.tr\/uisbk2021\/kongre-kayitlari\/","title":{"rendered":"Kongre Kay\u0131tlar\u0131"},"content":{"rendered":"\t\t<div data-elementor-type=\"wp-page\" data-elementor-id=\"761\" class=\"elementor elementor-761\" data-elementor-settings=\"[]\">\n\t\t\t\t\t\t\t<div class=\"elementor-section-wrap\">\n\t\t\t\t\t\t\t<section class=\"elementor-section elementor-top-section elementor-element elementor-element-65827af6 elementor-section-boxed elementor-section-height-default elementor-section-height-default\" data-id=\"65827af6\" data-element_type=\"section\">\n\t\t\t\t\t\t<div class=\"elementor-container elementor-column-gap-default\">\n\t\t\t\t\t<div class=\"elementor-column elementor-col-100 elementor-top-column elementor-element elementor-element-b265bc1\" data-id=\"b265bc1\" data-element_type=\"column\">\n\t\t\t<div class=\"elementor-widget-wrap elementor-element-populated\">\n\t\t\t\t\t\t\t\t<div class=\"elementor-element elementor-element-678d0871 elementor-widget elementor-widget-text-editor\" data-id=\"678d0871\" data-element_type=\"widget\" data-widget_type=\"text-editor.default\">\n\t\t\t\t<div class=\"elementor-widget-container\">\n\t\t\t\t\t\t\t\t<ol><li>G\u00fcn A\u00e7\u0131l\u0131\u015f Konu\u015fmas\u0131n\u0131 G\u00f6r\u00fcnt\u00fclemek \u0130\u00e7in <span style=\"color: #800000;\"><a style=\"color: #800000;\" href=\"https:\/\/drive.google.com\/file\/d\/1TeF9OSJgWKjaK3NV3Vwwlt1wl8dKWc8s\/view?usp=sharing\" target=\"_blank\" rel=\"noopener\"><span style=\"color: #ff0000;\">T\u0131klay\u0131n\u0131z.<\/span><\/a><\/span><\/li><li>G\u00fcn A\u00e7\u0131l\u0131\u015f Konu\u015fmas\u0131n\u0131 G\u00f6r\u00fcnt\u00fclemek \u0130\u00e7in <span style=\"color: #ff0000;\"><a style=\"color: #ff0000;\" href=\"https:\/\/drive.google.com\/file\/d\/1v4wz4O9jjAGnRMHcQsDB3jfJbE2tnhbQ\/view?usp=sharing\" target=\"_blank\" rel=\"noopener\">T\u0131klay\u0131n\u0131z.<\/a><\/span><\/li><\/ol>\t\t\t\t\t\t<\/div>\n\t\t\t\t<\/div>\n\t\t\t\t<div class=\"elementor-element elementor-element-2a5a7d2 elementor-widget elementor-widget-heading\" data-id=\"2a5a7d2\" data-element_type=\"widget\" data-widget_type=\"heading.default\">\n\t\t\t\t<div class=\"elementor-widget-container\">\n\t\t\t<h3 class=\"elementor-heading-title elementor-size-default\">1.Oda<\/h3>\t\t<\/div>\n\t\t\t\t<\/div>\n\t\t\t\t<section class=\"elementor-section elementor-inner-section elementor-element elementor-element-5ab3825 elementor-section-boxed elementor-section-height-default elementor-section-height-default\" data-id=\"5ab3825\" data-element_type=\"section\">\n\t\t\t\t\t\t<div class=\"elementor-container elementor-column-gap-default\">\n\t\t\t\t\t<div class=\"elementor-column elementor-col-50 elementor-inner-column elementor-element elementor-element-25dc3cd\" data-id=\"25dc3cd\" data-element_type=\"column\">\n\t\t\t<div class=\"elementor-widget-wrap elementor-element-populated\">\n\t\t\t\t\t\t\t\t<div class=\"elementor-element elementor-element-f7a3bf1 elementor-widget elementor-widget-heading\" data-id=\"f7a3bf1\" data-element_type=\"widget\" data-widget_type=\"heading.default\">\n\t\t\t\t<div class=\"elementor-widget-container\">\n\t\t\t<h3 class=\"elementor-heading-title elementor-size-default\">27 May\u0131s 2021<\/h3>\t\t<\/div>\n\t\t\t\t<\/div>\n\t\t\t\t<div class=\"elementor-element elementor-element-24848ca elementor-widget elementor-widget-text-editor\" data-id=\"24848ca\" data-element_type=\"widget\" data-widget_type=\"text-editor.default\">\n\t\t\t\t<div class=\"elementor-widget-container\">\n\t\t\t\t\t\t\t\t<p>1.Oturumu G\u00f6r\u00fcnt\u00fclemek \u0130\u00e7in <span style=\"color: #ff0000;\"><a style=\"color: #ff0000;\" href=\"https:\/\/drive.google.com\/file\/d\/1X6vuyeS9hhZsVDmMpMUg8Ha6_xs8gkJu\/view?usp=sharing\">T\u0131klay\u0131n\u0131z.<\/a><\/span><\/p><p>2.Oturumu G\u00f6r\u00fcnt\u00fclemek \u0130\u00e7in <span style=\"color: #ff0000;\"><a style=\"color: #ff0000;\" href=\"https:\/\/drive.google.com\/file\/d\/1vHRAtKtnzUEGA4JO8fNGrTvbH0eigKM6\/view?usp=sharing\">T\u0131klay\u0131n\u0131z.<\/a><\/span><\/p><p>3.Oturumu G\u00f6r\u00fcnt\u00fclemek \u0130\u00e7in <span style=\"color: #ff0000;\"><a style=\"color: #ff0000;\" href=\"https:\/\/drive.google.com\/file\/d\/15w-6VxWXN42MQD7Az4QKCgCYfzJ89iQo\/view?usp=sharing\">T\u0131klay\u0131n\u0131z.<\/a><\/span><\/p><p>4.Oturumu G\u00f6r\u00fcnt\u00fclemek \u0130\u00e7in <span style=\"color: #ff0000;\"><a style=\"color: #ff0000;\" href=\"https:\/\/drive.google.com\/file\/d\/17qJkUA5YhP8BImYe47b5hWp4oWfKeelC\/view?usp=sharing\">T\u0131klay\u0131n\u0131z.<\/a><\/span><\/p>\t\t\t\t\t\t<\/div>\n\t\t\t\t<\/div>\n\t\t\t\t\t<\/div>\n\t\t<\/div>\n\t\t\t\t<div class=\"elementor-column elementor-col-50 elementor-inner-column elementor-element elementor-element-ffa75d0\" data-id=\"ffa75d0\" data-element_type=\"column\">\n\t\t\t<div class=\"elementor-widget-wrap elementor-element-populated\">\n\t\t\t\t\t\t\t\t<div class=\"elementor-element elementor-element-d23a072 elementor-widget elementor-widget-heading\" data-id=\"d23a072\" data-element_type=\"widget\" data-widget_type=\"heading.default\">\n\t\t\t\t<div class=\"elementor-widget-container\">\n\t\t\t<h3 class=\"elementor-heading-title elementor-size-default\">28 May\u0131s 2021<\/h3>\t\t<\/div>\n\t\t\t\t<\/div>\n\t\t\t\t<div class=\"elementor-element elementor-element-c5272b9 elementor-widget elementor-widget-text-editor\" data-id=\"c5272b9\" data-element_type=\"widget\" data-widget_type=\"text-editor.default\">\n\t\t\t\t<div class=\"elementor-widget-container\">\n\t\t\t\t\t\t\t\t<p>1.Oturumu G\u00f6r\u00fcnt\u00fclemek \u0130\u00e7in <span style=\"color: #ff0000;\"><a style=\"color: #ff0000;\" href=\"https:\/\/drive.google.com\/file\/d\/1CkcfUfuFTA7_1ynBIMxwafY6urHru0qb\/view?usp=sharing\">T\u0131klay\u0131n\u0131z.<\/a><\/span><\/p><p>2.Oturumu G\u00f6r\u00fcnt\u00fclemek \u0130\u00e7in <span style=\"color: #ff0000;\"><a style=\"color: #ff0000;\" href=\"https:\/\/drive.google.com\/file\/d\/1wdwlYh0tUiplmoQ-Vlmong9ipVEm-BS1\/view?usp=sharing\">T\u0131klay\u0131n\u0131z.<\/a><\/span><\/p><p>3.Oturumu G\u00f6r\u00fcnt\u00fclemek \u0130\u00e7in <span style=\"color: #ff0000;\"><a style=\"color: #ff0000;\" href=\"https:\/\/drive.google.com\/file\/d\/1MSLGnBn2myeJam5lbG5QR36F-sAD7zBJ\/view?usp=sharing\">T\u0131klay\u0131n\u0131z.<\/a>\u00a0<\/span><\/p>\t\t\t\t\t\t<\/div>\n\t\t\t\t<\/div>\n\t\t\t\t\t<\/div>\n\t\t<\/div>\n\t\t\t\t\t\t\t<\/div>\n\t\t<\/section>\n\t\t\t\t<div class=\"elementor-element elementor-element-4a0cf18 elementor-widget elementor-widget-heading\" data-id=\"4a0cf18\" data-element_type=\"widget\" data-widget_type=\"heading.default\">\n\t\t\t\t<div class=\"elementor-widget-container\">\n\t\t\t<h3 class=\"elementor-heading-title elementor-size-default\">2.Oda<\/h3>\t\t<\/div>\n\t\t\t\t<\/div>\n\t\t\t\t<section class=\"elementor-section elementor-inner-section elementor-element elementor-element-ca711f4 elementor-section-boxed elementor-section-height-default elementor-section-height-default\" data-id=\"ca711f4\" data-element_type=\"section\">\n\t\t\t\t\t\t<div class=\"elementor-container elementor-column-gap-default\">\n\t\t\t\t\t<div class=\"elementor-column elementor-col-50 elementor-inner-column elementor-element elementor-element-e46c33c\" data-id=\"e46c33c\" data-element_type=\"column\">\n\t\t\t<div class=\"elementor-widget-wrap elementor-element-populated\">\n\t\t\t\t\t\t\t\t<div class=\"elementor-element elementor-element-e34fcb9 elementor-widget elementor-widget-heading\" data-id=\"e34fcb9\" data-element_type=\"widget\" data-widget_type=\"heading.default\">\n\t\t\t\t<div class=\"elementor-widget-container\">\n\t\t\t<h3 class=\"elementor-heading-title elementor-size-default\">27 May\u0131s 2021<\/h3>\t\t<\/div>\n\t\t\t\t<\/div>\n\t\t\t\t<div class=\"elementor-element elementor-element-43806e8 elementor-widget elementor-widget-text-editor\" data-id=\"43806e8\" data-element_type=\"widget\" data-widget_type=\"text-editor.default\">\n\t\t\t\t<div class=\"elementor-widget-container\">\n\t\t\t\t\t\t\t\t<p>1.Oturumu G\u00f6r\u00fcnt\u00fclemek \u0130\u00e7in <span style=\"color: #ff0000;\"><a style=\"color: #ff0000;\" href=\"https:\/\/drive.google.com\/file\/d\/1GfGkvwNWdWCMMYWjzPtbQP4RJSDVHzHR\/view?usp=sharing\">T\u0131klay\u0131n\u0131z.<\/a><\/span><\/p><p>2.Oturumu G\u00f6r\u00fcnt\u00fclemek \u0130\u00e7in <span style=\"color: #ff0000;\"><a style=\"color: #ff0000;\" href=\"https:\/\/drive.google.com\/file\/d\/1VKFvXFq9CIGDTntLbNlp74JhTKxkGpcf\/view?usp=sharing\">T\u0131klay\u0131n\u0131z.<\/a><\/span><\/p><p>3.Oturumu G\u00f6r\u00fcnt\u00fclemek \u0130\u00e7in <span style=\"color: #ff0000;\"><a style=\"color: #ff0000;\" href=\"https:\/\/drive.google.com\/file\/d\/1TjcmV3HFvrja-gBJqFO9ygtk_ShMZJ8H\/view?usp=sharing\">T\u0131klay\u0131n\u0131z.<\/a><\/span><\/p><p>4.Oturumu G\u00f6r\u00fcnt\u00fclemek \u0130\u00e7in <span style=\"color: #ff0000;\"><a style=\"color: #ff0000;\" href=\"https:\/\/drive.google.com\/file\/d\/1I4MG5hi0FJLE6aOMotGyQ_bqmW5EeY_6\/view?usp=sharing\">T\u0131klay\u0131n\u0131z.<\/a><\/span><\/p>\t\t\t\t\t\t<\/div>\n\t\t\t\t<\/div>\n\t\t\t\t\t<\/div>\n\t\t<\/div>\n\t\t\t\t<div class=\"elementor-column elementor-col-50 elementor-inner-column elementor-element elementor-element-ceb484d\" data-id=\"ceb484d\" data-element_type=\"column\">\n\t\t\t<div class=\"elementor-widget-wrap elementor-element-populated\">\n\t\t\t\t\t\t\t\t<div class=\"elementor-element elementor-element-579a67b elementor-widget elementor-widget-heading\" data-id=\"579a67b\" data-element_type=\"widget\" data-widget_type=\"heading.default\">\n\t\t\t\t<div class=\"elementor-widget-container\">\n\t\t\t<h3 class=\"elementor-heading-title elementor-size-default\">28 May\u0131s 2021<\/h3>\t\t<\/div>\n\t\t\t\t<\/div>\n\t\t\t\t<div class=\"elementor-element elementor-element-0c39a32 elementor-widget elementor-widget-text-editor\" data-id=\"0c39a32\" data-element_type=\"widget\" data-widget_type=\"text-editor.default\">\n\t\t\t\t<div class=\"elementor-widget-container\">\n\t\t\t\t\t\t\t\t<p>1.Oturumu G\u00f6r\u00fcnt\u00fclemek \u0130\u00e7in <span style=\"color: #ff0000;\"><a style=\"color: #ff0000;\" href=\"https:\/\/drive.google.com\/file\/d\/1Aq9_gzLc4zHz1T8ctrYN7cxJ8OdzybdL\/view?usp=sharing\">T\u0131klay\u0131n\u0131z.<\/a><\/span><\/p><p>2.Oturumu G\u00f6r\u00fcnt\u00fclemek \u0130\u00e7in <span style=\"color: #ff0000;\"><a style=\"color: #ff0000;\" href=\"https:\/\/drive.google.com\/file\/d\/1msONIJ_lt33gJvv8vddtdiCuX6BqAOnl\/view?usp=sharing\">T\u0131klay\u0131n\u0131z.<\/a><\/span><\/p><p>3.Oturumu G\u00f6r\u00fcnt\u00fclemek \u0130\u00e7in <a href=\"https:\/\/drive.google.com\/file\/d\/13lOOyMR85YRSbJeuYj7Z6RqeD28jjFQf\/view?usp=sharing\"><span style=\"color: #ff0000;\">T\u0131klay\u0131n\u0131z.\u00a0<\/span><\/a><\/p>\t\t\t\t\t\t<\/div>\n\t\t\t\t<\/div>\n\t\t\t\t\t<\/div>\n\t\t<\/div>\n\t\t\t\t\t\t\t<\/div>\n\t\t<\/section>\n\t\t\t\t\t<\/div>\n\t\t<\/div>\n\t\t\t\t\t\t\t<\/div>\n\t\t<\/section>\n\t\t\t\t\t\t<\/div>\n\t\t\t\t\t<\/div>\n\t\t","protected":false},"excerpt":{"rendered":"<p>G\u00fcn A\u00e7\u0131l\u0131\u015f Konu\u015fmas\u0131n\u0131 G\u00f6r\u00fcnt\u00fclemek \u0130\u00e7in T\u0131klay\u0131n\u0131z. G\u00fcn A\u00e7\u0131l\u0131\u015f Konu\u015fmas\u0131n\u0131 G\u00f6r\u00fcnt\u00fclemek \u0130\u00e7in T\u0131klay\u0131n\u0131z. 1.Oda 27 May\u0131s 2021 1.Oturumu G\u00f6r\u00fcnt\u00fclemek \u0130\u00e7in T\u0131klay\u0131n\u0131z. 2.Oturumu G\u00f6r\u00fcnt\u00fclemek \u0130\u00e7in T\u0131klay\u0131n\u0131z. 3.Oturumu G\u00f6r\u00fcnt\u00fclemek \u0130\u00e7in T\u0131klay\u0131n\u0131z. 4.Oturumu G\u00f6r\u00fcnt\u00fclemek \u0130\u00e7in T\u0131klay\u0131n\u0131z. 28 May\u0131s 2021 1.Oturumu G\u00f6r\u00fcnt\u00fclemek \u0130\u00e7in T\u0131klay\u0131n\u0131z. 2.Oturumu G\u00f6r\u00fcnt\u00fclemek \u0130\u00e7in T\u0131klay\u0131n\u0131z. 3.Oturumu G\u00f6r\u00fcnt\u00fclemek \u0130\u00e7in T\u0131klay\u0131n\u0131z.\u00a0 2.Oda 27 May\u0131s 2021 1.Oturumu G\u00f6r\u00fcnt\u00fclemek \u0130\u00e7in T\u0131klay\u0131n\u0131z. [&hellip;]<\/p>\n","protected":false},"author":3,"featured_media":0,"parent":0,"menu_order":0,"comment_status":"closed","ping_status":"closed","template":"","meta":[],"_links":{"self":[{"href":"https:\/\/sisli.edu.tr\/uisbk2021\/wp-json\/wp\/v2\/pages\/761"}],"collection":[{"href":"https:\/\/sisli.edu.tr\/uisbk2021\/wp-json\/wp\/v2\/pages"}],"about":[{"href":"https:\/\/sisli.edu.tr\/uisbk2021\/wp-json\/wp\/v2\/types\/page"}],"author":[{"embeddable":true,"href":"https:\/\/sisli.edu.tr\/uisbk2021\/wp-json\/wp\/v2\/users\/3"}],"replies":[{"embeddable":true,"href":"https:\/\/sisli.edu.tr\/uisbk2021\/wp-json\/wp\/v2\/comments?post=761"}],"version-history":[{"count":14,"href":"https:\/\/sisli.edu.tr\/uisbk2021\/wp-json\/wp\/v2\/pages\/761\/revisions"}],"predecessor-version":[{"id":776,"href":"https:\/\/sisli.edu.tr\/uisbk2021\/wp-json\/wp\/v2\/pages\/761\/revisions\/776"}],"wp:attachment":[{"href":"https:\/\/sisli.edu.tr\/uisbk2021\/wp-json\/wp\/v2\/media?parent=761"}],"curies":[{"name":"wp","href":"https:\/\/api.w.org\/{rel}","templated":true}]}}